{"id":100,"date":"2024-05-01T11:35:51","date_gmt":"2024-05-01T15:35:51","guid":{"rendered":"http:\/\/www.lisa-margery-infographie.com\/?page_id=100"},"modified":"2024-06-26T11:19:01","modified_gmt":"2024-06-26T15:19:01","slug":"communications-pour-les-auteurs","status":"publish","type":"page","link":"https:\/\/www.lisa-margery-infographie.com\/index.php\/communications-pour-les-auteurs\/","title":{"rendered":"Communication"},"content":{"rendered":"\t\t<div data-elementor-type=\"wp-page\" data-elementor-id=\"100\" class=\"elementor elementor-100\">\n\t\t\t\t<div class=\"elementor-element elementor-element-93e1ded e-flex e-con-boxed e-con e-parent\" data-id=\"93e1ded\" data-element_type=\"container\">\n\t\t\t\t\t<div class=\"e-con-inner\">\n\t\t\t\t<div class=\"elementor-element elementor-element-6526cf5 elementor-widget elementor-widget-spacer\" data-id=\"6526cf5\" data-element_type=\"widget\" data-widget_type=\"spacer.default\">\n\t\t\t\t<div class=\"elementor-widget-container\">\n\t\t\t<style>\/*! elementor - v3.22.0 - 26-06-2024 *\/\n.elementor-column .elementor-spacer-inner{height:var(--spacer-size)}.e-con{--container-widget-width:100%}.e-con-inner>.elementor-widget-spacer,.e-con>.elementor-widget-spacer{width:var(--container-widget-width,var(--spacer-size));--align-self:var(--container-widget-align-self,initial);--flex-shrink:0}.e-con-inner>.elementor-widget-spacer>.elementor-widget-container,.e-con>.elementor-widget-spacer>.elementor-widget-container{height:100%;width:100%}.e-con-inner>.elementor-widget-spacer>.elementor-widget-container>.elementor-spacer,.e-con>.elementor-widget-spacer>.elementor-widget-container>.elementor-spacer{height:100%}.e-con-inner>.elementor-widget-spacer>.elementor-widget-container>.elementor-spacer>.elementor-spacer-inner,.e-con>.elementor-widget-spacer>.elementor-widget-container>.elementor-spacer>.elementor-spacer-inner{height:var(--container-widget-height,var(--spacer-size))}.e-con-inner>.elementor-widget-spacer.elementor-widget-empty,.e-con>.elementor-widget-spacer.elementor-widget-empty{position:relative;min-height:22px;min-width:22px}.e-con-inner>.elementor-widget-spacer.elementor-widget-empty .elementor-widget-empty-icon,.e-con>.elementor-widget-spacer.elementor-widget-empty .elementor-widget-empty-icon{position:absolute;top:0;bottom:0;left:0;right:0;margin:auto;padding:0;width:22px;height:22px}<\/style>\t\t<div class=\"elementor-spacer\">\n\t\t\t<div class=\"elementor-spacer-inner\"><\/div>\n\t\t<\/div>\n\t\t\t\t<\/div>\n\t\t\t\t<\/div>\n\t\t\t\t<div class=\"elementor-element elementor-element-d2700b5 elementor-widget elementor-widget-heading\" data-id=\"d2700b5\" data-element_type=\"widget\" data-widget_type=\"heading.default\">\n\t\t\t\t<div class=\"elementor-widget-container\">\n\t\t\t<style>\/*! elementor - v3.22.0 - 26-06-2024 *\/\n.elementor-heading-title{padding:0;margin:0;line-height:1}.elementor-widget-heading .elementor-heading-title[class*=elementor-size-]>a{color:inherit;font-size:inherit;line-height:inherit}.elementor-widget-heading .elementor-heading-title.elementor-size-small{font-size:15px}.elementor-widget-heading .elementor-heading-title.elementor-size-medium{font-size:19px}.elementor-widget-heading .elementor-heading-title.elementor-size-large{font-size:29px}.elementor-widget-heading .elementor-heading-title.elementor-size-xl{font-size:39px}.elementor-widget-heading .elementor-heading-title.elementor-size-xxl{font-size:59px}<\/style><h1 class=\"elementor-heading-title elementor-size-default\">communication pour les auteurs et mes clients<\/h1>\t\t<\/div>\n\t\t\t\t<\/div>\n\t\t\t\t\t<\/div>\n\t\t\t\t<\/div>\n\t\t<div class=\"elementor-element elementor-element-176b962 e-flex e-con-boxed e-con e-parent\" data-id=\"176b962\" data-element_type=\"container\">\n\t\t\t\t\t<div class=\"e-con-inner\">\n\t\t<div class=\"elementor-element elementor-element-8f11df3 e-con-full e-flex e-con e-child\" data-id=\"8f11df3\" data-element_type=\"container\">\n\t\t\t\t<div class=\"elementor-element elementor-element-0fc7809 elementor-widget elementor-widget-image\" data-id=\"0fc7809\" data-element_type=\"widget\" data-widget_type=\"image.default\">\n\t\t\t\t<div class=\"elementor-widget-container\">\n\t\t\t<style>\/*! elementor - v3.22.0 - 26-06-2024 *\/\n.elementor-widget-image{text-align:center}.elementor-widget-image a{display:inline-block}.elementor-widget-image a img[src$=\".svg\"]{width:48px}.elementor-widget-image img{vertical-align:middle;display:inline-block}<\/style>\t\t\t\t\t\t\t\t\t\t<img fetchpriority=\"high\" decoding=\"async\" width=\"1024\" height=\"974\" src=\"https:\/\/www.lisa-margery-infographie.com\/wp-content\/uploads\/2024\/06\/com_auteur-1024x974.png\" class=\"attachment-large size-large wp-image-762\" alt=\"\" srcset=\"https:\/\/www.lisa-margery-infographie.com\/wp-content\/uploads\/2024\/06\/com_auteur-1024x974.png 1024w, https:\/\/www.lisa-margery-infographie.com\/wp-content\/uploads\/2024\/06\/com_auteur-300x285.png 300w, https:\/\/www.lisa-margery-infographie.com\/wp-content\/uploads\/2024\/06\/com_auteur-768x731.png 768w, https:\/\/www.lisa-margery-infographie.com\/wp-content\/uploads\/2024\/06\/com_auteur-600x571.png 600w, https:\/\/www.lisa-margery-infographie.com\/wp-content\/uploads\/2024\/06\/com_auteur.png 1074w\" sizes=\"(max-width: 1024px) 100vw, 1024px\" \/>\t\t\t\t\t\t\t\t\t\t\t\t\t<\/div>\n\t\t\t\t<\/div>\n\t\t\t\t<\/div>\n\t\t<div class=\"elementor-element elementor-element-9af47a0 e-con-full e-flex e-con e-child\" data-id=\"9af47a0\" data-element_type=\"container\">\n\t\t\t\t<div class=\"elementor-element elementor-element-62e90f0 elementor-widget elementor-widget-text-editor\" data-id=\"62e90f0\" data-element_type=\"widget\" data-widget_type=\"text-editor.default\">\n\t\t\t\t<div class=\"elementor-widget-container\">\n\t\t\t<style>\/*! elementor - v3.22.0 - 26-06-2024 *\/\n.elementor-widget-text-editor.elementor-drop-cap-view-stacked .elementor-drop-cap{background-color:#69727d;color:#fff}.elementor-widget-text-editor.elementor-drop-cap-view-framed .elementor-drop-cap{color:#69727d;border:3px solid;background-color:transparent}.elementor-widget-text-editor:not(.elementor-drop-cap-view-default) .elementor-drop-cap{margin-top:8px}.elementor-widget-text-editor:not(.elementor-drop-cap-view-default) .elementor-drop-cap-letter{width:1em;height:1em}.elementor-widget-text-editor .elementor-drop-cap{float:left;text-align:center;line-height:1;font-size:50px}.elementor-widget-text-editor .elementor-drop-cap-letter{display:inline-block}<\/style>\t\t\t\t<p class=\"p1\"><strong>Vous \u00eates auteur, autaire ou autrice\u2009? Nous avons travaill\u00e9 ensemble sur votre livre\u2009? Alors cette section peut vous int\u00e9resser.<br \/><\/strong><\/p><p class=\"p1\"><strong>Vous \u00eates d\u00e9j\u00e0 client\u00b7e\u2009? J&#8217;ai r\u00e9alis\u00e9 votre site web par exemple\u2009?<\/strong><\/p><p class=\"p1\"><strong>Communiquer autour de son entreprise, faire la promotion de son ouvrage, cr\u00e9er des goodies\u2026 Tout cela est chronophage et loin d\u2019\u00eatre \u00e9vident.<\/strong><\/p><p class=\"p1\"><strong>C\u2019est pourquoi vous trouverez ici les prestations offertes\u2009:<\/strong><\/p><ul><li class=\"p1\">cr\u00e9ation de goodies (marque-pages, cartes, stickers\u2026)<\/li><li class=\"p1\">cr\u00e9ation de posts pour les r\u00e9seaux sociaux (visuels et\/ou textes)<\/li><li class=\"p1\">cr\u00e9ation d\u2019outils marketing (catalogue, flyers, roll-ups\u2026)<\/li><li class=\"p1\">cr\u00e9ation de logo et de carte de visite<\/li><\/ul>\t\t\t\t\t\t<\/div>\n\t\t\t\t<\/div>\n\t\t\t\t<div class=\"elementor-element elementor-element-c0c1c7b elementor-widget elementor-widget-text-editor\" data-id=\"c0c1c7b\" data-element_type=\"widget\" data-widget_type=\"text-editor.default\">\n\t\t\t\t<div class=\"elementor-widget-container\">\n\t\t\t\t\t\t\t<p class=\"p1\"><span style=\"color: #f29580;\"><em>Tarifs en fonction de la prestation, \u00e0 partir de<span style=\"color: #f29580;\"> 5<\/span><\/em><em>0 $, sur devis<\/em><\/span><\/p>\t\t\t\t\t\t<\/div>\n\t\t\t\t<\/div>\n\t\t\t\t<\/div>\n\t\t\t\t\t<\/div>\n\t\t\t\t<\/div>\n\t\t<div class=\"elementor-element elementor-element-218218c e-flex e-con-boxed e-con e-parent\" data-id=\"218218c\" data-element_type=\"container\">\n\t\t\t\t\t<div class=\"e-con-inner\">\n\t\t\t\t\t<\/div>\n\t\t\t\t<\/div>\n\t\t\t\t<\/div>\n\t\t","protected":false},"excerpt":{"rendered":"<p>communication pour les auteurs et mes clients Vous \u00eates auteur, autaire ou autrice\u2009? Nous avons travaill\u00e9 ensemble sur votre livre\u2009? Alors cette section peut vous int\u00e9resser. Vous \u00eates d\u00e9j\u00e0 client\u00b7e\u2009? J&#8217;ai r\u00e9alis\u00e9 votre site web par exemple\u2009? Communiquer autour de son entreprise, faire la promotion de son ouvrage, cr\u00e9er des goodies\u2026 Tout cela est chronophage&hellip;&nbsp;<a href=\"https:\/\/www.lisa-margery-infographie.com\/index.php\/communications-pour-les-auteurs\/\" class=\"\" rel=\"bookmark\">Lire la suite &raquo;<span class=\"screen-reader-text\">Communication<\/span><\/a><\/p>\n","protected":false},"author":1,"featured_media":0,"parent":0,"menu_order":0,"comment_status":"closed","ping_status":"closed","template":"page-templates\/template-pagebuilder-full-width.php","meta":{"neve_meta_sidebar":"","neve_meta_container":"","neve_meta_enable_content_width":"off","neve_meta_content_width":100,"neve_meta_title_alignment":"","neve_meta_author_avatar":"","neve_post_elements_order":"","neve_meta_disable_header":"","neve_meta_disable_footer":"","neve_meta_disable_title":"","footnotes":""},"class_list":["post-100","page","type-page","status-publish","hentry"],"yoast_head":"<!-- This site is optimized with the Yoast SEO plugin v22.9 - https:\/\/yoast.com\/wordpress\/plugins\/seo\/ -->\n<title>Communication - Lisa-Margery infographie<\/title>\n<meta name=\"robots\" content=\"index, follow, max-snippet:-1, max-image-preview:large, max-video-preview:-1\" \/>\n<link rel=\"canonical\" href=\"http:\/\/www.lisa-margery-infographie.com\/index.php\/communications-pour-les-auteurs\/\" \/>\n<meta property=\"og:locale\" content=\"fr_FR\" \/>\n<meta property=\"og:type\" content=\"article\" \/>\n<meta property=\"og:title\" content=\"Communication - Lisa-Margery infographie\" \/>\n<meta property=\"og:description\" content=\"communication pour les auteurs et mes clients Vous \u00eates auteur, autaire ou autrice\u2009? Nous avons travaill\u00e9 ensemble sur votre livre\u2009? Alors cette section peut vous int\u00e9resser. Vous \u00eates d\u00e9j\u00e0 client\u00b7e\u2009? J&#8217;ai r\u00e9alis\u00e9 votre site web par exemple\u2009? Communiquer autour de son entreprise, faire la promotion de son ouvrage, cr\u00e9er des goodies\u2026 Tout cela est chronophage&hellip;&nbsp;Lire la suite &raquo;Communication\" \/>\n<meta property=\"og:url\" content=\"http:\/\/www.lisa-margery-infographie.com\/index.php\/communications-pour-les-auteurs\/\" \/>\n<meta property=\"og:site_name\" content=\"Lisa-Margery infographie\" \/>\n<meta property=\"article:modified_time\" content=\"2024-06-26T15:19:01+00:00\" \/>\n<meta property=\"og:image\" content=\"http:\/\/www.lisa-margery-infographie.com\/wp-content\/uploads\/2024\/06\/com_auteur-1024x974.png\" \/>\n<meta name=\"twitter:card\" content=\"summary_large_image\" \/>\n<meta name=\"twitter:label1\" content=\"Dur\u00e9e de lecture estim\u00e9e\" \/>\n\t<meta name=\"twitter:data1\" content=\"1 minute\" \/>\n<script type=\"application\/ld+json\" class=\"yoast-schema-graph\">{\"@context\":\"https:\/\/schema.org\",\"@graph\":[{\"@type\":\"WebPage\",\"@id\":\"http:\/\/www.lisa-margery-infographie.com\/index.php\/communications-pour-les-auteurs\/\",\"url\":\"http:\/\/www.lisa-margery-infographie.com\/index.php\/communications-pour-les-auteurs\/\",\"name\":\"Communication - Lisa-Margery infographie\",\"isPartOf\":{\"@id\":\"http:\/\/www.lisa-margery-infographie.com\/#website\"},\"primaryImageOfPage\":{\"@id\":\"http:\/\/www.lisa-margery-infographie.com\/index.php\/communications-pour-les-auteurs\/#primaryimage\"},\"image\":{\"@id\":\"http:\/\/www.lisa-margery-infographie.com\/index.php\/communications-pour-les-auteurs\/#primaryimage\"},\"thumbnailUrl\":\"http:\/\/www.lisa-margery-infographie.com\/wp-content\/uploads\/2024\/06\/com_auteur-1024x974.png\",\"datePublished\":\"2024-05-01T15:35:51+00:00\",\"dateModified\":\"2024-06-26T15:19:01+00:00\",\"breadcrumb\":{\"@id\":\"http:\/\/www.lisa-margery-infographie.com\/index.php\/communications-pour-les-auteurs\/#breadcrumb\"},\"inLanguage\":\"fr-FR\",\"potentialAction\":[{\"@type\":\"ReadAction\",\"target\":[\"http:\/\/www.lisa-margery-infographie.com\/index.php\/communications-pour-les-auteurs\/\"]}]},{\"@type\":\"ImageObject\",\"inLanguage\":\"fr-FR\",\"@id\":\"http:\/\/www.lisa-margery-infographie.com\/index.php\/communications-pour-les-auteurs\/#primaryimage\",\"url\":\"https:\/\/www.lisa-margery-infographie.com\/wp-content\/uploads\/2024\/06\/com_auteur.png\",\"contentUrl\":\"https:\/\/www.lisa-margery-infographie.com\/wp-content\/uploads\/2024\/06\/com_auteur.png\",\"width\":1074,\"height\":1022},{\"@type\":\"BreadcrumbList\",\"@id\":\"http:\/\/www.lisa-margery-infographie.com\/index.php\/communications-pour-les-auteurs\/#breadcrumb\",\"itemListElement\":[{\"@type\":\"ListItem\",\"position\":1,\"name\":\"Accueil\",\"item\":\"http:\/\/www.lisa-margery-infographie.com\/\"},{\"@type\":\"ListItem\",\"position\":2,\"name\":\"Communication\"}]},{\"@type\":\"WebSite\",\"@id\":\"http:\/\/www.lisa-margery-infographie.com\/#website\",\"url\":\"http:\/\/www.lisa-margery-infographie.com\/\",\"name\":\"Lisa-Margery Infographie\",\"description\":\"Infographiste maquettiste passionn\u00e9e par la mise en page et les livres\",\"publisher\":{\"@id\":\"http:\/\/www.lisa-margery-infographie.com\/#organization\"},\"potentialAction\":[{\"@type\":\"SearchAction\",\"target\":{\"@type\":\"EntryPoint\",\"urlTemplate\":\"http:\/\/www.lisa-margery-infographie.com\/?s={search_term_string}\"},\"query-input\":\"required name=search_term_string\"}],\"inLanguage\":\"fr-FR\"},{\"@type\":\"Organization\",\"@id\":\"http:\/\/www.lisa-margery-infographie.com\/#organization\",\"name\":\"Lisa-Margery Infographie\",\"url\":\"http:\/\/www.lisa-margery-infographie.com\/\",\"logo\":{\"@type\":\"ImageObject\",\"inLanguage\":\"fr-FR\",\"@id\":\"http:\/\/www.lisa-margery-infographie.com\/#\/schema\/logo\/image\/\",\"url\":\"http:\/\/www.lisa-margery-infographie.com\/wp-content\/uploads\/2024\/05\/logo-02.png\",\"contentUrl\":\"http:\/\/www.lisa-margery-infographie.com\/wp-content\/uploads\/2024\/05\/logo-02.png\",\"width\":1480,\"height\":1463,\"caption\":\"Lisa-Margery Infographie\"},\"image\":{\"@id\":\"http:\/\/www.lisa-margery-infographie.com\/#\/schema\/logo\/image\/\"},\"sameAs\":[\"https:\/\/www.instagram.com\/lm.infographie\/\",\"https:\/\/www.linkedin.com\/in\/lminfographiste\/\"]}]}<\/script>\n<!-- \/ Yoast SEO plugin. -->","yoast_head_json":{"title":"Communication - Lisa-Margery infographie","robots":{"index":"index","follow":"follow","max-snippet":"max-snippet:-1","max-image-preview":"max-image-preview:large","max-video-preview":"max-video-preview:-1"},"canonical":"http:\/\/www.lisa-margery-infographie.com\/index.php\/communications-pour-les-auteurs\/","og_locale":"fr_FR","og_type":"article","og_title":"Communication - Lisa-Margery infographie","og_description":"communication pour les auteurs et mes clients Vous \u00eates auteur, autaire ou autrice\u2009? Nous avons travaill\u00e9 ensemble sur votre livre\u2009? Alors cette section peut vous int\u00e9resser. Vous \u00eates d\u00e9j\u00e0 client\u00b7e\u2009? J&#8217;ai r\u00e9alis\u00e9 votre site web par exemple\u2009? Communiquer autour de son entreprise, faire la promotion de son ouvrage, cr\u00e9er des goodies\u2026 Tout cela est chronophage&hellip;&nbsp;Lire la suite &raquo;Communication","og_url":"http:\/\/www.lisa-margery-infographie.com\/index.php\/communications-pour-les-auteurs\/","og_site_name":"Lisa-Margery infographie","article_modified_time":"2024-06-26T15:19:01+00:00","og_image":[{"url":"http:\/\/www.lisa-margery-infographie.com\/wp-content\/uploads\/2024\/06\/com_auteur-1024x974.png"}],"twitter_card":"summary_large_image","twitter_misc":{"Dur\u00e9e de lecture estim\u00e9e":"1 minute"},"schema":{"@context":"https:\/\/schema.org","@graph":[{"@type":"WebPage","@id":"http:\/\/www.lisa-margery-infographie.com\/index.php\/communications-pour-les-auteurs\/","url":"http:\/\/www.lisa-margery-infographie.com\/index.php\/communications-pour-les-auteurs\/","name":"Communication - Lisa-Margery infographie","isPartOf":{"@id":"http:\/\/www.lisa-margery-infographie.com\/#website"},"primaryImageOfPage":{"@id":"http:\/\/www.lisa-margery-infographie.com\/index.php\/communications-pour-les-auteurs\/#primaryimage"},"image":{"@id":"http:\/\/www.lisa-margery-infographie.com\/index.php\/communications-pour-les-auteurs\/#primaryimage"},"thumbnailUrl":"http:\/\/www.lisa-margery-infographie.com\/wp-content\/uploads\/2024\/06\/com_auteur-1024x974.png","datePublished":"2024-05-01T15:35:51+00:00","dateModified":"2024-06-26T15:19:01+00:00","breadcrumb":{"@id":"http:\/\/www.lisa-margery-infographie.com\/index.php\/communications-pour-les-auteurs\/#breadcrumb"},"inLanguage":"fr-FR","potentialAction":[{"@type":"ReadAction","target":["http:\/\/www.lisa-margery-infographie.com\/index.php\/communications-pour-les-auteurs\/"]}]},{"@type":"ImageObject","inLanguage":"fr-FR","@id":"http:\/\/www.lisa-margery-infographie.com\/index.php\/communications-pour-les-auteurs\/#primaryimage","url":"https:\/\/www.lisa-margery-infographie.com\/wp-content\/uploads\/2024\/06\/com_auteur.png","contentUrl":"https:\/\/www.lisa-margery-infographie.com\/wp-content\/uploads\/2024\/06\/com_auteur.png","width":1074,"height":1022},{"@type":"BreadcrumbList","@id":"http:\/\/www.lisa-margery-infographie.com\/index.php\/communications-pour-les-auteurs\/#breadcrumb","itemListElement":[{"@type":"ListItem","position":1,"name":"Accueil","item":"http:\/\/www.lisa-margery-infographie.com\/"},{"@type":"ListItem","position":2,"name":"Communication"}]},{"@type":"WebSite","@id":"http:\/\/www.lisa-margery-infographie.com\/#website","url":"http:\/\/www.lisa-margery-infographie.com\/","name":"Lisa-Margery Infographie","description":"Infographiste maquettiste passionn\u00e9e par la mise en page et les livres","publisher":{"@id":"http:\/\/www.lisa-margery-infographie.com\/#organization"},"potentialAction":[{"@type":"SearchAction","target":{"@type":"EntryPoint","urlTemplate":"http:\/\/www.lisa-margery-infographie.com\/?s={search_term_string}"},"query-input":"required name=search_term_string"}],"inLanguage":"fr-FR"},{"@type":"Organization","@id":"http:\/\/www.lisa-margery-infographie.com\/#organization","name":"Lisa-Margery Infographie","url":"http:\/\/www.lisa-margery-infographie.com\/","logo":{"@type":"ImageObject","inLanguage":"fr-FR","@id":"http:\/\/www.lisa-margery-infographie.com\/#\/schema\/logo\/image\/","url":"http:\/\/www.lisa-margery-infographie.com\/wp-content\/uploads\/2024\/05\/logo-02.png","contentUrl":"http:\/\/www.lisa-margery-infographie.com\/wp-content\/uploads\/2024\/05\/logo-02.png","width":1480,"height":1463,"caption":"Lisa-Margery Infographie"},"image":{"@id":"http:\/\/www.lisa-margery-infographie.com\/#\/schema\/logo\/image\/"},"sameAs":["https:\/\/www.instagram.com\/lm.infographie\/","https:\/\/www.linkedin.com\/in\/lminfographiste\/"]}]}},"jetpack_sharing_enabled":true,"_links":{"self":[{"href":"https:\/\/www.lisa-margery-infographie.com\/index.php\/wp-json\/wp\/v2\/pages\/100","targetHints":{"allow":["GET"]}}],"collection":[{"href":"https:\/\/www.lisa-margery-infographie.com\/index.php\/wp-json\/wp\/v2\/pages"}],"about":[{"href":"https:\/\/www.lisa-margery-infographie.com\/index.php\/wp-json\/wp\/v2\/types\/page"}],"author":[{"embeddable":true,"href":"https:\/\/www.lisa-margery-infographie.com\/index.php\/wp-json\/wp\/v2\/users\/1"}],"replies":[{"embeddable":true,"href":"https:\/\/www.lisa-margery-infographie.com\/index.php\/wp-json\/wp\/v2\/comments?post=100"}],"version-history":[{"count":36,"href":"https:\/\/www.lisa-margery-infographie.com\/index.php\/wp-json\/wp\/v2\/pages\/100\/revisions"}],"predecessor-version":[{"id":863,"href":"https:\/\/www.lisa-margery-infographie.com\/index.php\/wp-json\/wp\/v2\/pages\/100\/revisions\/863"}],"wp:attachment":[{"href":"https:\/\/www.lisa-margery-infographie.com\/index.php\/wp-json\/wp\/v2\/media?parent=100"}],"curies":[{"name":"wp","href":"https:\/\/api.w.org\/{rel}","templated":true}]}}