{"id":59,"date":"2024-05-01T16:56:33","date_gmt":"2024-05-01T14:56:33","guid":{"rendered":"http:\/\/www.lisa-margery-infographie.com\/?page_id=59"},"modified":"2024-06-26T11:09:55","modified_gmt":"2024-06-26T15:09:55","slug":"accueil","status":"publish","type":"page","link":"https:\/\/www.lisa-margery-infographie.com\/","title":{"rendered":"Accueil"},"content":{"rendered":"\t\t<div data-elementor-type=\"wp-page\" data-elementor-id=\"59\" class=\"elementor elementor-59\">\n\t\t\t\t<div class=\"elementor-element elementor-element-96db934 e-flex e-con-boxed e-con e-parent\" data-id=\"96db934\" data-element_type=\"container\">\n\t\t\t\t\t<div class=\"e-con-inner\">\n\t\t\t\t<div class=\"elementor-element elementor-element-bb906dc elementor-widget elementor-widget-heading\" data-id=\"bb906dc\" data-element_type=\"widget\" data-widget_type=\"heading.default\">\n\t\t\t\t<div class=\"elementor-widget-container\">\n\t\t\t<style>\/*! elementor - v3.22.0 - 26-06-2024 *\/\n.elementor-heading-title{padding:0;margin:0;line-height:1}.elementor-widget-heading .elementor-heading-title[class*=elementor-size-]>a{color:inherit;font-size:inherit;line-height:inherit}.elementor-widget-heading .elementor-heading-title.elementor-size-small{font-size:15px}.elementor-widget-heading .elementor-heading-title.elementor-size-medium{font-size:19px}.elementor-widget-heading .elementor-heading-title.elementor-size-large{font-size:29px}.elementor-widget-heading .elementor-heading-title.elementor-size-xl{font-size:39px}.elementor-widget-heading .elementor-heading-title.elementor-size-xxl{font-size:59px}<\/style><h1 class=\"elementor-heading-title elementor-size-default\">ACCUEIL<\/h1>\t\t<\/div>\n\t\t\t\t<\/div>\n\t\t\t\t<div class=\"elementor-element elementor-element-2c77243 elementor-widget elementor-widget-spacer\" data-id=\"2c77243\" data-element_type=\"widget\" data-widget_type=\"spacer.default\">\n\t\t\t\t<div class=\"elementor-widget-container\">\n\t\t\t<style>\/*! elementor - v3.22.0 - 26-06-2024 *\/\n.elementor-column .elementor-spacer-inner{height:var(--spacer-size)}.e-con{--container-widget-width:100%}.e-con-inner>.elementor-widget-spacer,.e-con>.elementor-widget-spacer{width:var(--container-widget-width,var(--spacer-size));--align-self:var(--container-widget-align-self,initial);--flex-shrink:0}.e-con-inner>.elementor-widget-spacer>.elementor-widget-container,.e-con>.elementor-widget-spacer>.elementor-widget-container{height:100%;width:100%}.e-con-inner>.elementor-widget-spacer>.elementor-widget-container>.elementor-spacer,.e-con>.elementor-widget-spacer>.elementor-widget-container>.elementor-spacer{height:100%}.e-con-inner>.elementor-widget-spacer>.elementor-widget-container>.elementor-spacer>.elementor-spacer-inner,.e-con>.elementor-widget-spacer>.elementor-widget-container>.elementor-spacer>.elementor-spacer-inner{height:var(--container-widget-height,var(--spacer-size))}.e-con-inner>.elementor-widget-spacer.elementor-widget-empty,.e-con>.elementor-widget-spacer.elementor-widget-empty{position:relative;min-height:22px;min-width:22px}.e-con-inner>.elementor-widget-spacer.elementor-widget-empty .elementor-widget-empty-icon,.e-con>.elementor-widget-spacer.elementor-widget-empty .elementor-widget-empty-icon{position:absolute;top:0;bottom:0;left:0;right:0;margin:auto;padding:0;width:22px;height:22px}<\/style>\t\t<div class=\"elementor-spacer\">\n\t\t\t<div class=\"elementor-spacer-inner\"><\/div>\n\t\t<\/div>\n\t\t\t\t<\/div>\n\t\t\t\t<\/div>\n\t\t\t\t\t<\/div>\n\t\t\t\t<\/div>\n\t\t<div class=\"elementor-element elementor-element-d97c245 e-flex e-con-boxed e-con e-parent\" data-id=\"d97c245\" data-element_type=\"container\" data-settings=\"{&quot;background_background&quot;:&quot;classic&quot;}\">\n\t\t\t\t\t<div class=\"e-con-inner\">\n\t\t\t\t<div class=\"elementor-element elementor-element-2dac71f elementor-widget elementor-widget-image\" data-id=\"2dac71f\" data-element_type=\"widget\" data-widget_type=\"image.default\">\n\t\t\t\t<div class=\"elementor-widget-container\">\n\t\t\t<style>\/*! elementor - v3.22.0 - 26-06-2024 *\/\n.elementor-widget-image{text-align:center}.elementor-widget-image a{display:inline-block}.elementor-widget-image a img[src$=\".svg\"]{width:48px}.elementor-widget-image img{vertical-align:middle;display:inline-block}<\/style>\t\t\t\t\t\t\t\t\t\t<img fetchpriority=\"high\" decoding=\"async\" width=\"1024\" height=\"1024\" src=\"https:\/\/www.lisa-margery-infographie.com\/wp-content\/uploads\/2024\/05\/lettres_formes_opti.png\" class=\"attachment-large size-large wp-image-153\" alt=\"\" srcset=\"https:\/\/www.lisa-margery-infographie.com\/wp-content\/uploads\/2024\/05\/lettres_formes_opti.png 1024w, https:\/\/www.lisa-margery-infographie.com\/wp-content\/uploads\/2024\/05\/lettres_formes_opti-300x300.png 300w, https:\/\/www.lisa-margery-infographie.com\/wp-content\/uploads\/2024\/05\/lettres_formes_opti-150x150.png 150w, https:\/\/www.lisa-margery-infographie.com\/wp-content\/uploads\/2024\/05\/lettres_formes_opti-768x768.png 768w, https:\/\/www.lisa-margery-infographie.com\/wp-content\/uploads\/2024\/05\/lettres_formes_opti-600x600.png 600w, https:\/\/www.lisa-margery-infographie.com\/wp-content\/uploads\/2024\/05\/lettres_formes_opti-100x100.png 100w\" sizes=\"(max-width: 1024px) 100vw, 1024px\" \/>\t\t\t\t\t\t\t\t\t\t\t\t\t<\/div>\n\t\t\t\t<\/div>\n\t\t<div class=\"elementor-element elementor-element-1fba9b1 e-flex e-con-boxed e-con e-child\" data-id=\"1fba9b1\" data-element_type=\"container\">\n\t\t\t\t\t<div class=\"e-con-inner\">\n\t\t\t\t<div class=\"elementor-element elementor-element-6d81a51b elementor-widget elementor-widget-text-editor\" data-id=\"6d81a51b\" data-element_type=\"widget\" data-widget_type=\"text-editor.default\">\n\t\t\t\t<div class=\"elementor-widget-container\">\n\t\t\t<style>\/*! elementor - v3.22.0 - 26-06-2024 *\/\n.elementor-widget-text-editor.elementor-drop-cap-view-stacked .elementor-drop-cap{background-color:#69727d;color:#fff}.elementor-widget-text-editor.elementor-drop-cap-view-framed .elementor-drop-cap{color:#69727d;border:3px solid;background-color:transparent}.elementor-widget-text-editor:not(.elementor-drop-cap-view-default) .elementor-drop-cap{margin-top:8px}.elementor-widget-text-editor:not(.elementor-drop-cap-view-default) .elementor-drop-cap-letter{width:1em;height:1em}.elementor-widget-text-editor .elementor-drop-cap{float:left;text-align:center;line-height:1;font-size:50px}.elementor-widget-text-editor .elementor-drop-cap-letter{display:inline-block}<\/style>\t\t\t\tPrenez un livre, un d\u00e9pliant, une affiche\u2026 <br>\nEnlevez les images, les belles polices d\u2019\u00e9criture, la mise en page.<br>\nQue reste-t-il? Des mots. Seulement des mots.<br>\nSans leur \u00e9crin, aussi beaux, touchants, intrigants ou dr\u00f4les soient-ils, peu de monde s\u2019y int\u00e9ressera.<br>\nFa\u00e7onner cet \u00e9crin est ma mission.\t\t\t\t\t\t<\/div>\n\t\t\t\t<\/div>\n\t\t\t\t\t<\/div>\n\t\t\t\t<\/div>\n\t\t\t\t\t<\/div>\n\t\t\t\t<\/div>\n\t\t<div class=\"elementor-element elementor-element-0c66b39 e-flex e-con-boxed e-con e-parent\" data-id=\"0c66b39\" data-element_type=\"container\">\n\t\t\t\t\t<div class=\"e-con-inner\">\n\t\t\t\t<div class=\"elementor-element elementor-element-69559b0 elementor-widget elementor-widget-spacer\" data-id=\"69559b0\" data-element_type=\"widget\" data-widget_type=\"spacer.default\">\n\t\t\t\t<div class=\"elementor-widget-container\">\n\t\t\t\t\t<div class=\"elementor-spacer\">\n\t\t\t<div class=\"elementor-spacer-inner\"><\/div>\n\t\t<\/div>\n\t\t\t\t<\/div>\n\t\t\t\t<\/div>\n\t\t\t\t\t<\/div>\n\t\t\t\t<\/div>\n\t\t<div class=\"elementor-element elementor-element-25f5d22 e-con-full e-flex e-con e-parent\" data-id=\"25f5d22\" data-element_type=\"container\">\n\t\t\t\t<div class=\"elementor-element elementor-element-aa3865d elementor-align-center elementor-mobile-align-center elementor-widget elementor-widget-button\" data-id=\"aa3865d\" data-element_type=\"widget\" data-widget_type=\"button.default\">\n\t\t\t\t<div class=\"elementor-widget-container\">\n\t\t\t\t\t<div class=\"elementor-button-wrapper\">\n\t\t\t<a class=\"elementor-button elementor-button-link elementor-size-sm\" href=\"https:\/\/www.lisa-margery-infographie.com\/index.php\/prestations\/\" id=\"prestations\">\n\t\t\t\t\t\t<span class=\"elementor-button-content-wrapper\">\n\t\t\t\t\t\t\t\t\t<span class=\"elementor-button-text\">Prestations<\/span>\n\t\t\t\t\t<\/span>\n\t\t\t\t\t<\/a>\n\t\t<\/div>\n\t\t\t\t<\/div>\n\t\t\t\t<\/div>\n\t\t\t\t<div class=\"elementor-element elementor-element-e8d8063 elementor-align-center elementor-widget elementor-widget-button\" data-id=\"e8d8063\" data-element_type=\"widget\" data-widget_type=\"button.default\">\n\t\t\t\t<div class=\"elementor-widget-container\">\n\t\t\t\t\t<div class=\"elementor-button-wrapper\">\n\t\t\t<a class=\"elementor-button elementor-button-link elementor-size-sm\" href=\"https:\/\/www.lisa-margery-infographie.com\/index.php\/premades\/\" id=\"premades\">\n\t\t\t\t\t\t<span class=\"elementor-button-content-wrapper\">\n\t\t\t\t\t\t\t\t\t<span class=\"elementor-button-text\">Premades<\/span>\n\t\t\t\t\t<\/span>\n\t\t\t\t\t<\/a>\n\t\t<\/div>\n\t\t\t\t<\/div>\n\t\t\t\t<\/div>\n\t\t\t\t<div class=\"elementor-element elementor-element-138c1a4 elementor-align-center elementor-mobile-align-center elementor-widget elementor-widget-button\" data-id=\"138c1a4\" data-element_type=\"widget\" data-widget_type=\"button.default\">\n\t\t\t\t<div class=\"elementor-widget-container\">\n\t\t\t\t\t<div class=\"elementor-button-wrapper\">\n\t\t\t<a class=\"elementor-button elementor-button-link elementor-size-sm\" href=\"https:\/\/www.lisa-margery-infographie.com\/index.php\/boutique\/\" id=\"boutique\">\n\t\t\t\t\t\t<span class=\"elementor-button-content-wrapper\">\n\t\t\t\t\t\t\t\t\t<span class=\"elementor-button-text\">Boutique<\/span>\n\t\t\t\t\t<\/span>\n\t\t\t\t\t<\/a>\n\t\t<\/div>\n\t\t\t\t<\/div>\n\t\t\t\t<\/div>\n\t\t\t\t<\/div>\n\t\t\t\t<\/div>\n\t\t","protected":false},"excerpt":{"rendered":"<p>ACCUEIL Prenez un livre, un d\u00e9pliant, une affiche\u2026 Enlevez les images, les belles polices d\u2019\u00e9criture, la mise en page. Que reste-t-il? Des mots. Seulement des mots. Sans leur \u00e9crin, aussi beaux, touchants, intrigants ou dr\u00f4les soient-ils, peu de monde s\u2019y int\u00e9ressera. Fa\u00e7onner cet \u00e9crin est ma mission. Prestations Premades Boutique<\/p>\n","protected":false},"author":1,"featured_media":0,"parent":0,"menu_order":0,"comment_status":"closed","ping_status":"closed","template":"","meta":{"neve_meta_sidebar":"","neve_meta_container":"","neve_meta_enable_content_width":"off","neve_meta_content_width":100,"neve_meta_title_alignment":"","neve_meta_author_avatar":"","neve_post_elements_order":"","neve_meta_disable_header":"","neve_meta_disable_footer":"","neve_meta_disable_title":"","footnotes":""},"class_list":["post-59","page","type-page","status-publish","hentry"],"yoast_head":"<!-- This site is optimized with the Yoast SEO plugin v22.9 - https:\/\/yoast.com\/wordpress\/plugins\/seo\/ -->\n<title>Accueil - Lisa-Margery infographie<\/title>\n<meta name=\"robots\" content=\"index, follow, max-snippet:-1, max-image-preview:large, max-video-preview:-1\" \/>\n<link rel=\"canonical\" href=\"http:\/\/www.lisa-margery-infographie.com\/\" \/>\n<meta property=\"og:locale\" content=\"fr_FR\" \/>\n<meta property=\"og:type\" content=\"article\" \/>\n<meta property=\"og:title\" content=\"Accueil - Lisa-Margery infographie\" \/>\n<meta property=\"og:description\" content=\"ACCUEIL Prenez un livre, un d\u00e9pliant, une affiche\u2026 Enlevez les images, les belles polices d\u2019\u00e9criture, la mise en page. Que reste-t-il? Des mots. Seulement des mots. Sans leur \u00e9crin, aussi beaux, touchants, intrigants ou dr\u00f4les soient-ils, peu de monde s\u2019y int\u00e9ressera. Fa\u00e7onner cet \u00e9crin est ma mission. Prestations Premades Boutique\" \/>\n<meta property=\"og:url\" content=\"http:\/\/www.lisa-margery-infographie.com\/\" \/>\n<meta property=\"og:site_name\" content=\"Lisa-Margery infographie\" \/>\n<meta property=\"article:modified_time\" content=\"2024-06-26T15:09:55+00:00\" \/>\n<meta property=\"og:image\" content=\"http:\/\/www.lisa-margery-infographie.com\/wp-content\/uploads\/2024\/05\/lettres_formes_opti.png\" \/>\n<meta name=\"twitter:card\" content=\"summary_large_image\" \/>\n<meta name=\"twitter:label1\" content=\"Dur\u00e9e de lecture estim\u00e9e\" \/>\n\t<meta name=\"twitter:data1\" content=\"1 minute\" \/>\n<script type=\"application\/ld+json\" class=\"yoast-schema-graph\">{\"@context\":\"https:\/\/schema.org\",\"@graph\":[{\"@type\":\"WebPage\",\"@id\":\"http:\/\/www.lisa-margery-infographie.com\/\",\"url\":\"http:\/\/www.lisa-margery-infographie.com\/\",\"name\":\"Accueil - Lisa-Margery infographie\",\"isPartOf\":{\"@id\":\"http:\/\/www.lisa-margery-infographie.com\/#website\"},\"primaryImageOfPage\":{\"@id\":\"http:\/\/www.lisa-margery-infographie.com\/#primaryimage\"},\"image\":{\"@id\":\"http:\/\/www.lisa-margery-infographie.com\/#primaryimage\"},\"thumbnailUrl\":\"http:\/\/www.lisa-margery-infographie.com\/wp-content\/uploads\/2024\/05\/lettres_formes_opti.png\",\"datePublished\":\"2024-05-01T14:56:33+00:00\",\"dateModified\":\"2024-06-26T15:09:55+00:00\",\"breadcrumb\":{\"@id\":\"http:\/\/www.lisa-margery-infographie.com\/#breadcrumb\"},\"inLanguage\":\"fr-FR\",\"potentialAction\":[{\"@type\":\"ReadAction\",\"target\":[\"http:\/\/www.lisa-margery-infographie.com\/\"]}]},{\"@type\":\"ImageObject\",\"inLanguage\":\"fr-FR\",\"@id\":\"http:\/\/www.lisa-margery-infographie.com\/#primaryimage\",\"url\":\"https:\/\/www.lisa-margery-infographie.com\/wp-content\/uploads\/2024\/05\/lettres_formes_opti.png\",\"contentUrl\":\"https:\/\/www.lisa-margery-infographie.com\/wp-content\/uploads\/2024\/05\/lettres_formes_opti.png\",\"width\":1024,\"height\":1024},{\"@type\":\"BreadcrumbList\",\"@id\":\"http:\/\/www.lisa-margery-infographie.com\/#breadcrumb\",\"itemListElement\":[{\"@type\":\"ListItem\",\"position\":1,\"name\":\"Accueil\",\"item\":\"http:\/\/www.lisa-margery-infographie.com\/\"},{\"@type\":\"ListItem\",\"position\":2,\"name\":\"Accueil\"}]},{\"@type\":\"WebSite\",\"@id\":\"http:\/\/www.lisa-margery-infographie.com\/#website\",\"url\":\"http:\/\/www.lisa-margery-infographie.com\/\",\"name\":\"Lisa-Margery Infographie\",\"description\":\"Infographiste maquettiste passionn\u00e9e par la mise en page et les livres\",\"publisher\":{\"@id\":\"http:\/\/www.lisa-margery-infographie.com\/#organization\"},\"potentialAction\":[{\"@type\":\"SearchAction\",\"target\":{\"@type\":\"EntryPoint\",\"urlTemplate\":\"http:\/\/www.lisa-margery-infographie.com\/?s={search_term_string}\"},\"query-input\":\"required name=search_term_string\"}],\"inLanguage\":\"fr-FR\"},{\"@type\":\"Organization\",\"@id\":\"http:\/\/www.lisa-margery-infographie.com\/#organization\",\"name\":\"Lisa-Margery Infographie\",\"url\":\"http:\/\/www.lisa-margery-infographie.com\/\",\"logo\":{\"@type\":\"ImageObject\",\"inLanguage\":\"fr-FR\",\"@id\":\"http:\/\/www.lisa-margery-infographie.com\/#\/schema\/logo\/image\/\",\"url\":\"http:\/\/www.lisa-margery-infographie.com\/wp-content\/uploads\/2024\/05\/logo-02.png\",\"contentUrl\":\"http:\/\/www.lisa-margery-infographie.com\/wp-content\/uploads\/2024\/05\/logo-02.png\",\"width\":1480,\"height\":1463,\"caption\":\"Lisa-Margery Infographie\"},\"image\":{\"@id\":\"http:\/\/www.lisa-margery-infographie.com\/#\/schema\/logo\/image\/\"},\"sameAs\":[\"https:\/\/www.instagram.com\/lm.infographie\/\",\"https:\/\/www.linkedin.com\/in\/lminfographiste\/\"]}]}<\/script>\n<!-- \/ Yoast SEO plugin. -->","yoast_head_json":{"title":"Accueil - Lisa-Margery infographie","robots":{"index":"index","follow":"follow","max-snippet":"max-snippet:-1","max-image-preview":"max-image-preview:large","max-video-preview":"max-video-preview:-1"},"canonical":"http:\/\/www.lisa-margery-infographie.com\/","og_locale":"fr_FR","og_type":"article","og_title":"Accueil - Lisa-Margery infographie","og_description":"ACCUEIL Prenez un livre, un d\u00e9pliant, une affiche\u2026 Enlevez les images, les belles polices d\u2019\u00e9criture, la mise en page. Que reste-t-il? Des mots. Seulement des mots. Sans leur \u00e9crin, aussi beaux, touchants, intrigants ou dr\u00f4les soient-ils, peu de monde s\u2019y int\u00e9ressera. Fa\u00e7onner cet \u00e9crin est ma mission. Prestations Premades Boutique","og_url":"http:\/\/www.lisa-margery-infographie.com\/","og_site_name":"Lisa-Margery infographie","article_modified_time":"2024-06-26T15:09:55+00:00","og_image":[{"url":"http:\/\/www.lisa-margery-infographie.com\/wp-content\/uploads\/2024\/05\/lettres_formes_opti.png"}],"twitter_card":"summary_large_image","twitter_misc":{"Dur\u00e9e de lecture estim\u00e9e":"1 minute"},"schema":{"@context":"https:\/\/schema.org","@graph":[{"@type":"WebPage","@id":"http:\/\/www.lisa-margery-infographie.com\/","url":"http:\/\/www.lisa-margery-infographie.com\/","name":"Accueil - Lisa-Margery infographie","isPartOf":{"@id":"http:\/\/www.lisa-margery-infographie.com\/#website"},"primaryImageOfPage":{"@id":"http:\/\/www.lisa-margery-infographie.com\/#primaryimage"},"image":{"@id":"http:\/\/www.lisa-margery-infographie.com\/#primaryimage"},"thumbnailUrl":"http:\/\/www.lisa-margery-infographie.com\/wp-content\/uploads\/2024\/05\/lettres_formes_opti.png","datePublished":"2024-05-01T14:56:33+00:00","dateModified":"2024-06-26T15:09:55+00:00","breadcrumb":{"@id":"http:\/\/www.lisa-margery-infographie.com\/#breadcrumb"},"inLanguage":"fr-FR","potentialAction":[{"@type":"ReadAction","target":["http:\/\/www.lisa-margery-infographie.com\/"]}]},{"@type":"ImageObject","inLanguage":"fr-FR","@id":"http:\/\/www.lisa-margery-infographie.com\/#primaryimage","url":"https:\/\/www.lisa-margery-infographie.com\/wp-content\/uploads\/2024\/05\/lettres_formes_opti.png","contentUrl":"https:\/\/www.lisa-margery-infographie.com\/wp-content\/uploads\/2024\/05\/lettres_formes_opti.png","width":1024,"height":1024},{"@type":"BreadcrumbList","@id":"http:\/\/www.lisa-margery-infographie.com\/#breadcrumb","itemListElement":[{"@type":"ListItem","position":1,"name":"Accueil","item":"http:\/\/www.lisa-margery-infographie.com\/"},{"@type":"ListItem","position":2,"name":"Accueil"}]},{"@type":"WebSite","@id":"http:\/\/www.lisa-margery-infographie.com\/#website","url":"http:\/\/www.lisa-margery-infographie.com\/","name":"Lisa-Margery Infographie","description":"Infographiste maquettiste passionn\u00e9e par la mise en page et les livres","publisher":{"@id":"http:\/\/www.lisa-margery-infographie.com\/#organization"},"potentialAction":[{"@type":"SearchAction","target":{"@type":"EntryPoint","urlTemplate":"http:\/\/www.lisa-margery-infographie.com\/?s={search_term_string}"},"query-input":"required name=search_term_string"}],"inLanguage":"fr-FR"},{"@type":"Organization","@id":"http:\/\/www.lisa-margery-infographie.com\/#organization","name":"Lisa-Margery Infographie","url":"http:\/\/www.lisa-margery-infographie.com\/","logo":{"@type":"ImageObject","inLanguage":"fr-FR","@id":"http:\/\/www.lisa-margery-infographie.com\/#\/schema\/logo\/image\/","url":"http:\/\/www.lisa-margery-infographie.com\/wp-content\/uploads\/2024\/05\/logo-02.png","contentUrl":"http:\/\/www.lisa-margery-infographie.com\/wp-content\/uploads\/2024\/05\/logo-02.png","width":1480,"height":1463,"caption":"Lisa-Margery Infographie"},"image":{"@id":"http:\/\/www.lisa-margery-infographie.com\/#\/schema\/logo\/image\/"},"sameAs":["https:\/\/www.instagram.com\/lm.infographie\/","https:\/\/www.linkedin.com\/in\/lminfographiste\/"]}]}},"jetpack_sharing_enabled":true,"_links":{"self":[{"href":"https:\/\/www.lisa-margery-infographie.com\/index.php\/wp-json\/wp\/v2\/pages\/59","targetHints":{"allow":["GET"]}}],"collection":[{"href":"https:\/\/www.lisa-margery-infographie.com\/index.php\/wp-json\/wp\/v2\/pages"}],"about":[{"href":"https:\/\/www.lisa-margery-infographie.com\/index.php\/wp-json\/wp\/v2\/types\/page"}],"author":[{"embeddable":true,"href":"https:\/\/www.lisa-margery-infographie.com\/index.php\/wp-json\/wp\/v2\/users\/1"}],"replies":[{"embeddable":true,"href":"https:\/\/www.lisa-margery-infographie.com\/index.php\/wp-json\/wp\/v2\/comments?post=59"}],"version-history":[{"count":80,"href":"https:\/\/www.lisa-margery-infographie.com\/index.php\/wp-json\/wp\/v2\/pages\/59\/revisions"}],"predecessor-version":[{"id":848,"href":"https:\/\/www.lisa-margery-infographie.com\/index.php\/wp-json\/wp\/v2\/pages\/59\/revisions\/848"}],"wp:attachment":[{"href":"https:\/\/www.lisa-margery-infographie.com\/index.php\/wp-json\/wp\/v2\/media?parent=59"}],"curies":[{"name":"wp","href":"https:\/\/api.w.org\/{rel}","templated":true}]}}