{"id":61,"date":"2024-05-01T16:57:14","date_gmt":"2024-05-01T14:57:14","guid":{"rendered":"http:\/\/www.lisa-margery-infographie.com\/?page_id=61"},"modified":"2024-06-26T11:12:22","modified_gmt":"2024-06-26T15:12:22","slug":"qui-suis-je","status":"publish","type":"page","link":"https:\/\/www.lisa-margery-infographie.com\/index.php\/qui-suis-je\/","title":{"rendered":"Qui suis-je?"},"content":{"rendered":"\t\t<div data-elementor-type=\"wp-page\" data-elementor-id=\"61\" class=\"elementor elementor-61\">\n\t\t\t\t<div class=\"elementor-element elementor-element-4e72c35 e-flex e-con-boxed e-con e-parent\" data-id=\"4e72c35\" data-element_type=\"container\">\n\t\t\t\t\t<div class=\"e-con-inner\">\n\t\t\t\t<div class=\"elementor-element elementor-element-e6d4403 elementor-widget elementor-widget-heading\" data-id=\"e6d4403\" data-element_type=\"widget\" data-widget_type=\"heading.default\">\n\t\t\t\t<div class=\"elementor-widget-container\">\n\t\t\t<style>\/*! elementor - v3.22.0 - 26-06-2024 *\/\n.elementor-heading-title{padding:0;margin:0;line-height:1}.elementor-widget-heading .elementor-heading-title[class*=elementor-size-]>a{color:inherit;font-size:inherit;line-height:inherit}.elementor-widget-heading .elementor-heading-title.elementor-size-small{font-size:15px}.elementor-widget-heading .elementor-heading-title.elementor-size-medium{font-size:19px}.elementor-widget-heading .elementor-heading-title.elementor-size-large{font-size:29px}.elementor-widget-heading .elementor-heading-title.elementor-size-xl{font-size:39px}.elementor-widget-heading .elementor-heading-title.elementor-size-xxl{font-size:59px}<\/style><h1 class=\"elementor-heading-title elementor-size-default\">Qui suis-je\u2009?<\/h1>\t\t<\/div>\n\t\t\t\t<\/div>\n\t\t\t\t\t<\/div>\n\t\t\t\t<\/div>\n\t\t<div class=\"elementor-element elementor-element-78050e8f e-flex e-con-boxed e-con e-parent\" data-id=\"78050e8f\" data-element_type=\"container\">\n\t\t\t\t\t<div class=\"e-con-inner\">\n\t\t\t\t<div class=\"elementor-element elementor-element-944cb1f elementor-widget elementor-widget-image\" data-id=\"944cb1f\" data-element_type=\"widget\" data-widget_type=\"image.default\">\n\t\t\t\t<div class=\"elementor-widget-container\">\n\t\t\t<style>\/*! elementor - v3.22.0 - 26-06-2024 *\/\n.elementor-widget-image{text-align:center}.elementor-widget-image a{display:inline-block}.elementor-widget-image a img[src$=\".svg\"]{width:48px}.elementor-widget-image img{vertical-align:middle;display:inline-block}<\/style>\t\t\t\t\t\t\t\t\t\t<img fetchpriority=\"high\" decoding=\"async\" width=\"768\" height=\"758\" src=\"https:\/\/www.lisa-margery-infographie.com\/wp-content\/uploads\/2024\/05\/moi-768x758.png\" class=\"attachment-medium_large size-medium_large wp-image-247\" alt=\"\" srcset=\"https:\/\/www.lisa-margery-infographie.com\/wp-content\/uploads\/2024\/05\/moi-768x758.png 768w, https:\/\/www.lisa-margery-infographie.com\/wp-content\/uploads\/2024\/05\/moi-300x296.png 300w, https:\/\/www.lisa-margery-infographie.com\/wp-content\/uploads\/2024\/05\/moi-1024x1011.png 1024w, https:\/\/www.lisa-margery-infographie.com\/wp-content\/uploads\/2024\/05\/moi-1536x1517.png 1536w, https:\/\/www.lisa-margery-infographie.com\/wp-content\/uploads\/2024\/05\/moi-2048x2022.png 2048w, https:\/\/www.lisa-margery-infographie.com\/wp-content\/uploads\/2024\/05\/moi-600x592.png 600w, https:\/\/www.lisa-margery-infographie.com\/wp-content\/uploads\/2024\/05\/moi-100x100.png 100w\" sizes=\"(max-width: 768px) 100vw, 768px\" \/>\t\t\t\t\t\t\t\t\t\t\t\t\t<\/div>\n\t\t\t\t<\/div>\n\t\t\t\t<div class=\"elementor-element elementor-element-5337d76a elementor-widget elementor-widget-text-editor\" data-id=\"5337d76a\" data-element_type=\"widget\" data-widget_type=\"text-editor.default\">\n\t\t\t\t<div class=\"elementor-widget-container\">\n\t\t\t<style>\/*! elementor - v3.22.0 - 26-06-2024 *\/\n.elementor-widget-text-editor.elementor-drop-cap-view-stacked .elementor-drop-cap{background-color:#69727d;color:#fff}.elementor-widget-text-editor.elementor-drop-cap-view-framed .elementor-drop-cap{color:#69727d;border:3px solid;background-color:transparent}.elementor-widget-text-editor:not(.elementor-drop-cap-view-default) .elementor-drop-cap{margin-top:8px}.elementor-widget-text-editor:not(.elementor-drop-cap-view-default) .elementor-drop-cap-letter{width:1em;height:1em}.elementor-widget-text-editor .elementor-drop-cap{float:left;text-align:center;line-height:1;font-size:50px}.elementor-widget-text-editor .elementor-drop-cap-letter{display:inline-block}<\/style>\t\t\t\tLisa-Margery pour vous servir. Orthoptiste, autrice et infographiste. Fran\u00e7aise habitant \u00e0 Montr\u00e9al.<br>\nDepuis toujours, j\u2019aime lire. J\u2019appr\u00e9cie le grain du papier sous mes doigts, tout autant que ma liseuse.<br> J\u2019aime les belles couvertures, celles qui sont marquantes et porteuses de sens.<br> J\u2019aime les magazines, les mises en page classiques tout comme celles sortant de l\u2019ordinaire. Celles qui accrocheront l\u2019\u0153il.<br>\nJ\u2019\u00e9cris aussi. J\u2019aime raconter une histoire, transformer les images qui peuplent ma t\u00eate en mots, quel que soit le style, et donner vie avec mes personnages.<br>\nDevenir infographiste et me sp\u00e9cialiser en \u00e9dition \u00e9tait une \u00e9vidence.<br>\nPour que mes mots, comme ceux des autres soient beaux.\t\t\t\t\t\t<\/div>\n\t\t\t\t<\/div>\n\t\t\t\t\t<\/div>\n\t\t\t\t<\/div>\n\t\t<div class=\"elementor-element elementor-element-3d303ba e-flex e-con-boxed e-con e-parent\" data-id=\"3d303ba\" data-element_type=\"container\">\n\t\t\t\t\t<div class=\"e-con-inner\">\n\t\t\t\t<div class=\"elementor-element elementor-element-7037414 elementor-widget elementor-widget-text-editor\" data-id=\"7037414\" data-element_type=\"widget\" data-widget_type=\"text-editor.default\">\n\t\t\t\t<div class=\"elementor-widget-container\">\n\t\t\t\t\t\t\t<h5 style=\"text-align: right;\">Bienvenue dans mon univers\u00a0!<\/h5>\t\t\t\t\t\t<\/div>\n\t\t\t\t<\/div>\n\t\t\t\t\t<\/div>\n\t\t\t\t<\/div>\n\t\t\t\t<\/div>\n\t\t","protected":false},"excerpt":{"rendered":"<p>Qui suis-je\u2009? Lisa-Margery pour vous servir. Orthoptiste, autrice et infographiste. Fran\u00e7aise habitant \u00e0 Montr\u00e9al. Depuis toujours, j\u2019aime lire. J\u2019appr\u00e9cie le grain du papier sous mes doigts, tout autant que ma liseuse. J\u2019aime les belles couvertures, celles qui sont marquantes et porteuses de sens. J\u2019aime les magazines, les mises en page classiques tout comme celles sortant&hellip;&nbsp;<a href=\"https:\/\/www.lisa-margery-infographie.com\/index.php\/qui-suis-je\/\" class=\"\" rel=\"bookmark\">Lire la suite &raquo;<span class=\"screen-reader-text\">Qui suis-je?<\/span><\/a><\/p>\n","protected":false},"author":1,"featured_media":0,"parent":0,"menu_order":0,"comment_status":"closed","ping_status":"closed","template":"","meta":{"neve_meta_sidebar":"","neve_meta_container":"","neve_meta_enable_content_width":"off","neve_meta_content_width":100,"neve_meta_title_alignment":"","neve_meta_author_avatar":"","neve_post_elements_order":"","neve_meta_disable_header":"","neve_meta_disable_footer":"","neve_meta_disable_title":"","footnotes":""},"class_list":["post-61","page","type-page","status-publish","hentry"],"yoast_head":"<!-- This site is optimized with the Yoast SEO plugin v22.9 - https:\/\/yoast.com\/wordpress\/plugins\/seo\/ -->\n<title>Qui suis-je? - Lisa-Margery infographie<\/title>\n<meta name=\"robots\" content=\"index, follow, max-snippet:-1, max-image-preview:large, max-video-preview:-1\" \/>\n<link rel=\"canonical\" href=\"http:\/\/www.lisa-margery-infographie.com\/index.php\/qui-suis-je\/\" \/>\n<meta property=\"og:locale\" content=\"fr_FR\" \/>\n<meta property=\"og:type\" content=\"article\" \/>\n<meta property=\"og:title\" content=\"Qui suis-je? - Lisa-Margery infographie\" \/>\n<meta property=\"og:description\" content=\"Qui suis-je\u2009? Lisa-Margery pour vous servir. Orthoptiste, autrice et infographiste. Fran\u00e7aise habitant \u00e0 Montr\u00e9al. Depuis toujours, j\u2019aime lire. J\u2019appr\u00e9cie le grain du papier sous mes doigts, tout autant que ma liseuse. J\u2019aime les belles couvertures, celles qui sont marquantes et porteuses de sens. J\u2019aime les magazines, les mises en page classiques tout comme celles sortant&hellip;&nbsp;Lire la suite &raquo;Qui suis-je?\" \/>\n<meta property=\"og:url\" content=\"http:\/\/www.lisa-margery-infographie.com\/index.php\/qui-suis-je\/\" \/>\n<meta property=\"og:site_name\" content=\"Lisa-Margery infographie\" \/>\n<meta property=\"article:modified_time\" content=\"2024-06-26T15:12:22+00:00\" \/>\n<meta property=\"og:image\" content=\"http:\/\/www.lisa-margery-infographie.com\/wp-content\/uploads\/2024\/05\/moi-768x758.png\" \/>\n<meta name=\"twitter:card\" content=\"summary_large_image\" \/>\n<meta name=\"twitter:label1\" content=\"Dur\u00e9e de lecture estim\u00e9e\" \/>\n\t<meta name=\"twitter:data1\" content=\"1 minute\" \/>\n<script type=\"application\/ld+json\" class=\"yoast-schema-graph\">{\"@context\":\"https:\/\/schema.org\",\"@graph\":[{\"@type\":\"WebPage\",\"@id\":\"http:\/\/www.lisa-margery-infographie.com\/index.php\/qui-suis-je\/\",\"url\":\"http:\/\/www.lisa-margery-infographie.com\/index.php\/qui-suis-je\/\",\"name\":\"Qui suis-je? - Lisa-Margery infographie\",\"isPartOf\":{\"@id\":\"http:\/\/www.lisa-margery-infographie.com\/#website\"},\"primaryImageOfPage\":{\"@id\":\"http:\/\/www.lisa-margery-infographie.com\/index.php\/qui-suis-je\/#primaryimage\"},\"image\":{\"@id\":\"http:\/\/www.lisa-margery-infographie.com\/index.php\/qui-suis-je\/#primaryimage\"},\"thumbnailUrl\":\"http:\/\/www.lisa-margery-infographie.com\/wp-content\/uploads\/2024\/05\/moi-768x758.png\",\"datePublished\":\"2024-05-01T14:57:14+00:00\",\"dateModified\":\"2024-06-26T15:12:22+00:00\",\"breadcrumb\":{\"@id\":\"http:\/\/www.lisa-margery-infographie.com\/index.php\/qui-suis-je\/#breadcrumb\"},\"inLanguage\":\"fr-FR\",\"potentialAction\":[{\"@type\":\"ReadAction\",\"target\":[\"http:\/\/www.lisa-margery-infographie.com\/index.php\/qui-suis-je\/\"]}]},{\"@type\":\"ImageObject\",\"inLanguage\":\"fr-FR\",\"@id\":\"http:\/\/www.lisa-margery-infographie.com\/index.php\/qui-suis-je\/#primaryimage\",\"url\":\"https:\/\/www.lisa-margery-infographie.com\/wp-content\/uploads\/2024\/05\/moi.png\",\"contentUrl\":\"https:\/\/www.lisa-margery-infographie.com\/wp-content\/uploads\/2024\/05\/moi.png\",\"width\":2077,\"height\":2051},{\"@type\":\"BreadcrumbList\",\"@id\":\"http:\/\/www.lisa-margery-infographie.com\/index.php\/qui-suis-je\/#breadcrumb\",\"itemListElement\":[{\"@type\":\"ListItem\",\"position\":1,\"name\":\"Accueil\",\"item\":\"http:\/\/www.lisa-margery-infographie.com\/\"},{\"@type\":\"ListItem\",\"position\":2,\"name\":\"Qui suis-je?\"}]},{\"@type\":\"WebSite\",\"@id\":\"http:\/\/www.lisa-margery-infographie.com\/#website\",\"url\":\"http:\/\/www.lisa-margery-infographie.com\/\",\"name\":\"Lisa-Margery Infographie\",\"description\":\"Infographiste maquettiste passionn\u00e9e par la mise en page et les livres\",\"publisher\":{\"@id\":\"http:\/\/www.lisa-margery-infographie.com\/#organization\"},\"potentialAction\":[{\"@type\":\"SearchAction\",\"target\":{\"@type\":\"EntryPoint\",\"urlTemplate\":\"http:\/\/www.lisa-margery-infographie.com\/?s={search_term_string}\"},\"query-input\":\"required name=search_term_string\"}],\"inLanguage\":\"fr-FR\"},{\"@type\":\"Organization\",\"@id\":\"http:\/\/www.lisa-margery-infographie.com\/#organization\",\"name\":\"Lisa-Margery Infographie\",\"url\":\"http:\/\/www.lisa-margery-infographie.com\/\",\"logo\":{\"@type\":\"ImageObject\",\"inLanguage\":\"fr-FR\",\"@id\":\"http:\/\/www.lisa-margery-infographie.com\/#\/schema\/logo\/image\/\",\"url\":\"http:\/\/www.lisa-margery-infographie.com\/wp-content\/uploads\/2024\/05\/logo-02.png\",\"contentUrl\":\"http:\/\/www.lisa-margery-infographie.com\/wp-content\/uploads\/2024\/05\/logo-02.png\",\"width\":1480,\"height\":1463,\"caption\":\"Lisa-Margery Infographie\"},\"image\":{\"@id\":\"http:\/\/www.lisa-margery-infographie.com\/#\/schema\/logo\/image\/\"},\"sameAs\":[\"https:\/\/www.instagram.com\/lm.infographie\/\",\"https:\/\/www.linkedin.com\/in\/lminfographiste\/\"]}]}<\/script>\n<!-- \/ Yoast SEO plugin. -->","yoast_head_json":{"title":"Qui suis-je? - Lisa-Margery infographie","robots":{"index":"index","follow":"follow","max-snippet":"max-snippet:-1","max-image-preview":"max-image-preview:large","max-video-preview":"max-video-preview:-1"},"canonical":"http:\/\/www.lisa-margery-infographie.com\/index.php\/qui-suis-je\/","og_locale":"fr_FR","og_type":"article","og_title":"Qui suis-je? - Lisa-Margery infographie","og_description":"Qui suis-je\u2009? Lisa-Margery pour vous servir. Orthoptiste, autrice et infographiste. Fran\u00e7aise habitant \u00e0 Montr\u00e9al. Depuis toujours, j\u2019aime lire. J\u2019appr\u00e9cie le grain du papier sous mes doigts, tout autant que ma liseuse. J\u2019aime les belles couvertures, celles qui sont marquantes et porteuses de sens. J\u2019aime les magazines, les mises en page classiques tout comme celles sortant&hellip;&nbsp;Lire la suite &raquo;Qui suis-je?","og_url":"http:\/\/www.lisa-margery-infographie.com\/index.php\/qui-suis-je\/","og_site_name":"Lisa-Margery infographie","article_modified_time":"2024-06-26T15:12:22+00:00","og_image":[{"url":"http:\/\/www.lisa-margery-infographie.com\/wp-content\/uploads\/2024\/05\/moi-768x758.png"}],"twitter_card":"summary_large_image","twitter_misc":{"Dur\u00e9e de lecture estim\u00e9e":"1 minute"},"schema":{"@context":"https:\/\/schema.org","@graph":[{"@type":"WebPage","@id":"http:\/\/www.lisa-margery-infographie.com\/index.php\/qui-suis-je\/","url":"http:\/\/www.lisa-margery-infographie.com\/index.php\/qui-suis-je\/","name":"Qui suis-je? - Lisa-Margery infographie","isPartOf":{"@id":"http:\/\/www.lisa-margery-infographie.com\/#website"},"primaryImageOfPage":{"@id":"http:\/\/www.lisa-margery-infographie.com\/index.php\/qui-suis-je\/#primaryimage"},"image":{"@id":"http:\/\/www.lisa-margery-infographie.com\/index.php\/qui-suis-je\/#primaryimage"},"thumbnailUrl":"http:\/\/www.lisa-margery-infographie.com\/wp-content\/uploads\/2024\/05\/moi-768x758.png","datePublished":"2024-05-01T14:57:14+00:00","dateModified":"2024-06-26T15:12:22+00:00","breadcrumb":{"@id":"http:\/\/www.lisa-margery-infographie.com\/index.php\/qui-suis-je\/#breadcrumb"},"inLanguage":"fr-FR","potentialAction":[{"@type":"ReadAction","target":["http:\/\/www.lisa-margery-infographie.com\/index.php\/qui-suis-je\/"]}]},{"@type":"ImageObject","inLanguage":"fr-FR","@id":"http:\/\/www.lisa-margery-infographie.com\/index.php\/qui-suis-je\/#primaryimage","url":"https:\/\/www.lisa-margery-infographie.com\/wp-content\/uploads\/2024\/05\/moi.png","contentUrl":"https:\/\/www.lisa-margery-infographie.com\/wp-content\/uploads\/2024\/05\/moi.png","width":2077,"height":2051},{"@type":"BreadcrumbList","@id":"http:\/\/www.lisa-margery-infographie.com\/index.php\/qui-suis-je\/#breadcrumb","itemListElement":[{"@type":"ListItem","position":1,"name":"Accueil","item":"http:\/\/www.lisa-margery-infographie.com\/"},{"@type":"ListItem","position":2,"name":"Qui suis-je?"}]},{"@type":"WebSite","@id":"http:\/\/www.lisa-margery-infographie.com\/#website","url":"http:\/\/www.lisa-margery-infographie.com\/","name":"Lisa-Margery Infographie","description":"Infographiste maquettiste passionn\u00e9e par la mise en page et les livres","publisher":{"@id":"http:\/\/www.lisa-margery-infographie.com\/#organization"},"potentialAction":[{"@type":"SearchAction","target":{"@type":"EntryPoint","urlTemplate":"http:\/\/www.lisa-margery-infographie.com\/?s={search_term_string}"},"query-input":"required name=search_term_string"}],"inLanguage":"fr-FR"},{"@type":"Organization","@id":"http:\/\/www.lisa-margery-infographie.com\/#organization","name":"Lisa-Margery Infographie","url":"http:\/\/www.lisa-margery-infographie.com\/","logo":{"@type":"ImageObject","inLanguage":"fr-FR","@id":"http:\/\/www.lisa-margery-infographie.com\/#\/schema\/logo\/image\/","url":"http:\/\/www.lisa-margery-infographie.com\/wp-content\/uploads\/2024\/05\/logo-02.png","contentUrl":"http:\/\/www.lisa-margery-infographie.com\/wp-content\/uploads\/2024\/05\/logo-02.png","width":1480,"height":1463,"caption":"Lisa-Margery Infographie"},"image":{"@id":"http:\/\/www.lisa-margery-infographie.com\/#\/schema\/logo\/image\/"},"sameAs":["https:\/\/www.instagram.com\/lm.infographie\/","https:\/\/www.linkedin.com\/in\/lminfographiste\/"]}]}},"jetpack_sharing_enabled":true,"_links":{"self":[{"href":"https:\/\/www.lisa-margery-infographie.com\/index.php\/wp-json\/wp\/v2\/pages\/61","targetHints":{"allow":["GET"]}}],"collection":[{"href":"https:\/\/www.lisa-margery-infographie.com\/index.php\/wp-json\/wp\/v2\/pages"}],"about":[{"href":"https:\/\/www.lisa-margery-infographie.com\/index.php\/wp-json\/wp\/v2\/types\/page"}],"author":[{"embeddable":true,"href":"https:\/\/www.lisa-margery-infographie.com\/index.php\/wp-json\/wp\/v2\/users\/1"}],"replies":[{"embeddable":true,"href":"https:\/\/www.lisa-margery-infographie.com\/index.php\/wp-json\/wp\/v2\/comments?post=61"}],"version-history":[{"count":20,"href":"https:\/\/www.lisa-margery-infographie.com\/index.php\/wp-json\/wp\/v2\/pages\/61\/revisions"}],"predecessor-version":[{"id":851,"href":"https:\/\/www.lisa-margery-infographie.com\/index.php\/wp-json\/wp\/v2\/pages\/61\/revisions\/851"}],"wp:attachment":[{"href":"https:\/\/www.lisa-margery-infographie.com\/index.php\/wp-json\/wp\/v2\/media?parent=61"}],"curies":[{"name":"wp","href":"https:\/\/api.w.org\/{rel}","templated":true}]}}