{"id":63,"date":"2024-05-01T16:58:51","date_gmt":"2024-05-01T14:58:51","guid":{"rendered":"http:\/\/www.lisa-margery-infographie.com\/?page_id=63"},"modified":"2024-06-26T11:15:44","modified_gmt":"2024-06-26T15:15:44","slug":"prestations","status":"publish","type":"page","link":"https:\/\/www.lisa-margery-infographie.com\/index.php\/prestations\/","title":{"rendered":"Prestations"},"content":{"rendered":"\t\t<div data-elementor-type=\"wp-page\" data-elementor-id=\"63\" class=\"elementor elementor-63\">\n\t\t\t\t<div class=\"elementor-element elementor-element-3526bca e-flex e-con-boxed e-con e-parent\" data-id=\"3526bca\" data-element_type=\"container\">\n\t\t\t\t\t<div class=\"e-con-inner\">\n\t\t\t\t<div class=\"elementor-element elementor-element-2de7d9f elementor-widget elementor-widget-text-editor\" data-id=\"2de7d9f\" data-element_type=\"widget\" data-widget_type=\"text-editor.default\">\n\t\t\t\t<div class=\"elementor-widget-container\">\n\t\t\t<style>\/*! elementor - v3.22.0 - 26-06-2024 *\/\n.elementor-widget-text-editor.elementor-drop-cap-view-stacked .elementor-drop-cap{background-color:#69727d;color:#fff}.elementor-widget-text-editor.elementor-drop-cap-view-framed .elementor-drop-cap{color:#69727d;border:3px solid;background-color:transparent}.elementor-widget-text-editor:not(.elementor-drop-cap-view-default) .elementor-drop-cap{margin-top:8px}.elementor-widget-text-editor:not(.elementor-drop-cap-view-default) .elementor-drop-cap-letter{width:1em;height:1em}.elementor-widget-text-editor .elementor-drop-cap{float:left;text-align:center;line-height:1;font-size:50px}.elementor-widget-text-editor .elementor-drop-cap-letter{display:inline-block}<\/style>\t\t\t\t<h1><span style=\"color: #f29580;\">Prestations<\/span><\/h1>\t\t\t\t\t\t<\/div>\n\t\t\t\t<\/div>\n\t\t\t\t\t<\/div>\n\t\t\t\t<\/div>\n\t\t<div class=\"elementor-element elementor-element-217dca5 e-flex e-con-boxed e-con e-parent\" data-id=\"217dca5\" data-element_type=\"container\">\n\t\t\t\t\t<div class=\"e-con-inner\">\n\t\t<div class=\"elementor-element elementor-element-702c172 e-con-full e-flex e-con e-child\" data-id=\"702c172\" data-element_type=\"container\">\n\t\t\t\t<div class=\"elementor-element elementor-element-36643da elementor-widget elementor-widget-text-editor\" data-id=\"36643da\" data-element_type=\"widget\" data-widget_type=\"text-editor.default\">\n\t\t\t\t<div class=\"elementor-widget-container\">\n\t\t\t\t\t\t\tC\u2019est ici que vos id\u00e9es prennent vie !\t\t\t\t\t\t<\/div>\n\t\t\t\t<\/div>\n\t\t\t\t<\/div>\n\t\t\t\t\t<\/div>\n\t\t\t\t<\/div>\n\t\t<div class=\"elementor-element elementor-element-96ae3bb e-flex e-con-boxed e-con e-parent\" data-id=\"96ae3bb\" data-element_type=\"container\">\n\t\t\t\t\t<div class=\"e-con-inner\">\n\t\t<div class=\"elementor-element elementor-element-0e7418a e-con-full e-flex e-con e-child\" data-id=\"0e7418a\" data-element_type=\"container\">\n\t\t\t\t<div class=\"elementor-element elementor-element-a648fb1 elementor-widget elementor-widget-text-editor\" data-id=\"a648fb1\" data-element_type=\"widget\" data-widget_type=\"text-editor.default\">\n\t\t\t\t<div class=\"elementor-widget-container\">\n\t\t\t\t\t\t\t<h3>Mise en page<\/h3>\t\t\t\t\t\t<\/div>\n\t\t\t\t<\/div>\n\t\t\t\t<div class=\"elementor-element elementor-element-5cf0719 elementor-widget elementor-widget-text-editor\" data-id=\"5cf0719\" data-element_type=\"widget\" data-widget_type=\"text-editor.default\">\n\t\t\t\t<div class=\"elementor-widget-container\">\n\t\t\t\t\t\t\t<p>Une mise en page soign\u00e9e est un symbole de professionnalisme. Elle facilite la lecture, structure l&#8217;information et enrichit l\u2019exp\u00e9rience visuelle. Que ce soit pour un roman, un magazine, un m\u00e9moire ou bien encore un rapport annuel, elle est cruciale pour engager le lecteur et valoriser le contenu.<\/p>\t\t\t\t\t\t<\/div>\n\t\t\t\t<\/div>\n\t\t\t\t<div class=\"elementor-element elementor-element-da2a13f elementor-align-center elementor-widget elementor-widget-button\" data-id=\"da2a13f\" data-element_type=\"widget\" data-widget_type=\"button.default\">\n\t\t\t\t<div class=\"elementor-widget-container\">\n\t\t\t\t\t<div class=\"elementor-button-wrapper\">\n\t\t\t<a class=\"elementor-button elementor-button-link elementor-size-sm\" href=\"https:\/\/www.lisa-margery-infographie.com\/index.php\/mise-en-page\/\">\n\t\t\t\t\t\t<span class=\"elementor-button-content-wrapper\">\n\t\t\t\t\t\t<span class=\"elementor-button-icon\">\n\t\t\t\t<svg aria-hidden=\"true\" class=\"e-font-icon-svg e-fas-angle-right\" viewBox=\"0 0 256 512\" xmlns=\"http:\/\/www.w3.org\/2000\/svg\"><path d=\"M224.3 273l-136 136c-9.4 9.4-24.6 9.4-33.9 0l-22.6-22.6c-9.4-9.4-9.4-24.6 0-33.9l96.4-96.4-96.4-96.4c-9.4-9.4-9.4-24.6 0-33.9L54.3 103c9.4-9.4 24.6-9.4 33.9 0l136 136c9.5 9.4 9.5 24.6.1 34z\"><\/path><\/svg>\t\t\t<\/span>\n\t\t\t\t\t\t\t\t<\/span>\n\t\t\t\t\t<\/a>\n\t\t<\/div>\n\t\t\t\t<\/div>\n\t\t\t\t<\/div>\n\t\t\t\t<\/div>\n\t\t<div class=\"elementor-element elementor-element-297c196 e-con-full e-flex e-con e-child\" data-id=\"297c196\" data-element_type=\"container\">\n\t\t\t\t<div class=\"elementor-element elementor-element-0bfea3b elementor-widget elementor-widget-image\" data-id=\"0bfea3b\" data-element_type=\"widget\" data-widget_type=\"image.default\">\n\t\t\t\t<div class=\"elementor-widget-container\">\n\t\t\t<style>\/*! elementor - v3.22.0 - 26-06-2024 *\/\n.elementor-widget-image{text-align:center}.elementor-widget-image a{display:inline-block}.elementor-widget-image a img[src$=\".svg\"]{width:48px}.elementor-widget-image img{vertical-align:middle;display:inline-block}<\/style>\t\t\t\t\t\t\t\t\t\t<img decoding=\"async\" src=\"https:\/\/www.lisa-margery-infographie.com\/wp-content\/uploads\/2024\/05\/mep.png\" title=\"mep\" alt=\"mep\" loading=\"lazy\" \/>\t\t\t\t\t\t\t\t\t\t\t\t\t<\/div>\n\t\t\t\t<\/div>\n\t\t\t\t<\/div>\n\t\t<div class=\"elementor-element elementor-element-949cef6 e-con-full e-flex e-con e-child\" data-id=\"949cef6\" data-element_type=\"container\">\n\t\t\t\t<div class=\"elementor-element elementor-element-99875a4 elementor-widget elementor-widget-image\" data-id=\"99875a4\" data-element_type=\"widget\" data-widget_type=\"image.default\">\n\t\t\t\t<div class=\"elementor-widget-container\">\n\t\t\t\t\t\t\t\t\t\t\t\t\t<img decoding=\"async\" src=\"http:\/\/www.lisa-margery-infographie.com\/wp-content\/uploads\/2024\/05\/couv.png\" title=\"\" alt=\"\" loading=\"lazy\" \/>\t\t\t\t\t\t\t\t\t\t\t\t\t<\/div>\n\t\t\t\t<\/div>\n\t\t\t\t<\/div>\n\t\t<div class=\"elementor-element elementor-element-98478a4 e-con-full e-flex e-con e-child\" data-id=\"98478a4\" data-element_type=\"container\">\n\t\t\t\t<div class=\"elementor-element elementor-element-dc9ce79 elementor-widget elementor-widget-text-editor\" data-id=\"dc9ce79\" data-element_type=\"widget\" data-widget_type=\"text-editor.default\">\n\t\t\t\t<div class=\"elementor-widget-container\">\n\t\t\t\t\t\t\t<h3>Couvertures<\/h3>\t\t\t\t\t\t<\/div>\n\t\t\t\t<\/div>\n\t\t\t\t<div class=\"elementor-element elementor-element-2c404b4 elementor-widget elementor-widget-text-editor\" data-id=\"2c404b4\" data-element_type=\"widget\" data-widget_type=\"text-editor.default\">\n\t\t\t\t<div class=\"elementor-widget-container\">\n\t\t\t\t\t\t\t<p>Une couverture de roman captivante est la promesse d&#8217;une aventure in\u00e9dite. Elle attire l\u2019\u0153il, suscite la curiosit\u00e9 et invite \u00e0 la d\u00e9couverte. Comme une porte vers l\u2019imaginaire, elle est essentielle pour se distinguer dans un oc\u00e9an de titres et capturer l\u2019int\u00e9r\u00eat du lecteur.<\/p>\t\t\t\t\t\t<\/div>\n\t\t\t\t<\/div>\n\t\t\t\t<div class=\"elementor-element elementor-element-e5bcb24 elementor-align-center elementor-widget elementor-widget-button\" data-id=\"e5bcb24\" data-element_type=\"widget\" data-widget_type=\"button.default\">\n\t\t\t\t<div class=\"elementor-widget-container\">\n\t\t\t\t\t<div class=\"elementor-button-wrapper\">\n\t\t\t<a class=\"elementor-button elementor-button-link elementor-size-sm\" href=\"https:\/\/www.lisa-margery-infographie.com\/index.php\/couvertures\/\">\n\t\t\t\t\t\t<span class=\"elementor-button-content-wrapper\">\n\t\t\t\t\t\t<span class=\"elementor-button-icon\">\n\t\t\t\t<svg aria-hidden=\"true\" class=\"e-font-icon-svg e-fas-angle-right\" viewBox=\"0 0 256 512\" xmlns=\"http:\/\/www.w3.org\/2000\/svg\"><path d=\"M224.3 273l-136 136c-9.4 9.4-24.6 9.4-33.9 0l-22.6-22.6c-9.4-9.4-9.4-24.6 0-33.9l96.4-96.4-96.4-96.4c-9.4-9.4-9.4-24.6 0-33.9L54.3 103c9.4-9.4 24.6-9.4 33.9 0l136 136c9.5 9.4 9.5 24.6.1 34z\"><\/path><\/svg>\t\t\t<\/span>\n\t\t\t\t\t\t\t\t<\/span>\n\t\t\t\t\t<\/a>\n\t\t<\/div>\n\t\t\t\t<\/div>\n\t\t\t\t<\/div>\n\t\t\t\t<\/div>\n\t\t\t\t\t<\/div>\n\t\t\t\t<\/div>\n\t\t<div class=\"elementor-element elementor-element-dc022cf e-flex e-con-boxed e-con e-parent\" data-id=\"dc022cf\" data-element_type=\"container\">\n\t\t\t\t\t<div class=\"e-con-inner\">\n\t\t<div class=\"elementor-element elementor-element-e5d7c49 e-con-full e-flex e-con e-child\" data-id=\"e5d7c49\" data-element_type=\"container\">\n\t\t\t\t<div class=\"elementor-element elementor-element-430eb48 elementor-widget elementor-widget-text-editor\" data-id=\"430eb48\" data-element_type=\"widget\" data-widget_type=\"text-editor.default\">\n\t\t\t\t<div class=\"elementor-widget-container\">\n\t\t\t\t\t\t\t<h3>Design graphique<\/h3>\t\t\t\t\t\t<\/div>\n\t\t\t\t<\/div>\n\t\t\t\t<div class=\"elementor-element elementor-element-0b1878d elementor-widget elementor-widget-text-editor\" data-id=\"0b1878d\" data-element_type=\"widget\" data-widget_type=\"text-editor.default\">\n\t\t\t\t<div class=\"elementor-widget-container\">\n\t\t\t\t\t\t\t<p>Le design graphique est essentiel pour capturer l\u2019attention et transmettre une histoire unique rapidement.<\/p><p>Les publications imprim\u00e9es ou num\u00e9riques, les affiches et autres supports visuels ou les logotypes doivent cr\u00e9er un impact, d\u00e9plier un r\u00e9cit en couleurs et formes en invitant le regard \u00e0 illuminer le quotidien.<\/p>\t\t\t\t\t\t<\/div>\n\t\t\t\t<\/div>\n\t\t\t\t<div class=\"elementor-element elementor-element-9628fdf elementor-align-center elementor-widget elementor-widget-button\" data-id=\"9628fdf\" data-element_type=\"widget\" data-widget_type=\"button.default\">\n\t\t\t\t<div class=\"elementor-widget-container\">\n\t\t\t\t\t<div class=\"elementor-button-wrapper\">\n\t\t\t<a class=\"elementor-button elementor-button-link elementor-size-sm\" href=\"https:\/\/www.lisa-margery-infographie.com\/index.php\/communication-visuelle\/\">\n\t\t\t\t\t\t<span class=\"elementor-button-content-wrapper\">\n\t\t\t\t\t\t<span class=\"elementor-button-icon\">\n\t\t\t\t<svg aria-hidden=\"true\" class=\"e-font-icon-svg e-fas-angle-right\" viewBox=\"0 0 256 512\" xmlns=\"http:\/\/www.w3.org\/2000\/svg\"><path d=\"M224.3 273l-136 136c-9.4 9.4-24.6 9.4-33.9 0l-22.6-22.6c-9.4-9.4-9.4-24.6 0-33.9l96.4-96.4-96.4-96.4c-9.4-9.4-9.4-24.6 0-33.9L54.3 103c9.4-9.4 24.6-9.4 33.9 0l136 136c9.5 9.4 9.5 24.6.1 34z\"><\/path><\/svg>\t\t\t<\/span>\n\t\t\t\t\t\t\t\t<\/span>\n\t\t\t\t\t<\/a>\n\t\t<\/div>\n\t\t\t\t<\/div>\n\t\t\t\t<\/div>\n\t\t\t\t<\/div>\n\t\t<div class=\"elementor-element elementor-element-5b31a0c e-con-full e-flex e-con e-child\" data-id=\"5b31a0c\" data-element_type=\"container\">\n\t\t\t\t<div class=\"elementor-element elementor-element-7334135 elementor-widget elementor-widget-image\" data-id=\"7334135\" data-element_type=\"widget\" data-widget_type=\"image.default\">\n\t\t\t\t<div class=\"elementor-widget-container\">\n\t\t\t\t\t\t\t\t\t\t\t\t\t<img decoding=\"async\" src=\"https:\/\/www.lisa-margery-infographie.com\/wp-content\/uploads\/2024\/05\/com.png\" title=\"com\" alt=\"com\" loading=\"lazy\" \/>\t\t\t\t\t\t\t\t\t\t\t\t\t<\/div>\n\t\t\t\t<\/div>\n\t\t\t\t<\/div>\n\t\t<div class=\"elementor-element elementor-element-e5e6d8b e-con-full e-flex e-con e-child\" data-id=\"e5e6d8b\" data-element_type=\"container\">\n\t\t\t\t<div class=\"elementor-element elementor-element-d28fb22 elementor-widget elementor-widget-image\" data-id=\"d28fb22\" data-element_type=\"widget\" data-widget_type=\"image.default\">\n\t\t\t\t<div class=\"elementor-widget-container\">\n\t\t\t\t\t\t\t\t\t\t\t\t\t<img decoding=\"async\" src=\"https:\/\/www.lisa-margery-infographie.com\/wp-content\/uploads\/2024\/05\/like.png\" title=\"like\" alt=\"like\" loading=\"lazy\" \/>\t\t\t\t\t\t\t\t\t\t\t\t\t<\/div>\n\t\t\t\t<\/div>\n\t\t\t\t<\/div>\n\t\t<div class=\"elementor-element elementor-element-7e17838 e-con-full e-flex e-con e-child\" data-id=\"7e17838\" data-element_type=\"container\">\n\t\t\t\t<div class=\"elementor-element elementor-element-0622d08 elementor-widget elementor-widget-text-editor\" data-id=\"0622d08\" data-element_type=\"widget\" data-widget_type=\"text-editor.default\">\n\t\t\t\t<div class=\"elementor-widget-container\">\n\t\t\t\t\t\t\t<h3>Communication<\/h3>\t\t\t\t\t\t<\/div>\n\t\t\t\t<\/div>\n\t\t\t\t<div class=\"elementor-element elementor-element-4c8ffb5 elementor-widget elementor-widget-text-editor\" data-id=\"4c8ffb5\" data-element_type=\"widget\" data-widget_type=\"text-editor.default\">\n\t\t\t\t<div class=\"elementor-widget-container\">\n\t\t\t\t\t\t\t<p>Gestion des r\u00e9seaux sociaux,\u00a0 community management\u2026<\/p><p>Des mots qui font peur, des activit\u00e9s chronophages quand on ne ma\u00eetrise pas les outils mais qui sont cruciaux pour faire conna\u00eetre une entreprise ou un projet.<\/p><p>D\u00e9l\u00e9guer ces t\u00e2ches peut donc \u00eatre une solution pour se concentrer sur l\u2019essentiel.<\/p>\t\t\t\t\t\t<\/div>\n\t\t\t\t<\/div>\n\t\t\t\t<div class=\"elementor-element elementor-element-c003959 elementor-align-center elementor-widget elementor-widget-button\" data-id=\"c003959\" data-element_type=\"widget\" data-widget_type=\"button.default\">\n\t\t\t\t<div class=\"elementor-widget-container\">\n\t\t\t\t\t<div class=\"elementor-button-wrapper\">\n\t\t\t<a class=\"elementor-button elementor-button-link elementor-size-sm\" href=\"https:\/\/www.lisa-margery-infographie.com\/index.php\/communications-pour-les-auteurs\/\">\n\t\t\t\t\t\t<span class=\"elementor-button-content-wrapper\">\n\t\t\t\t\t\t<span class=\"elementor-button-icon\">\n\t\t\t\t<svg aria-hidden=\"true\" class=\"e-font-icon-svg e-fas-angle-right\" viewBox=\"0 0 256 512\" xmlns=\"http:\/\/www.w3.org\/2000\/svg\"><path d=\"M224.3 273l-136 136c-9.4 9.4-24.6 9.4-33.9 0l-22.6-22.6c-9.4-9.4-9.4-24.6 0-33.9l96.4-96.4-96.4-96.4c-9.4-9.4-9.4-24.6 0-33.9L54.3 103c9.4-9.4 24.6-9.4 33.9 0l136 136c9.5 9.4 9.5 24.6.1 34z\"><\/path><\/svg>\t\t\t<\/span>\n\t\t\t\t\t\t\t\t<\/span>\n\t\t\t\t\t<\/a>\n\t\t<\/div>\n\t\t\t\t<\/div>\n\t\t\t\t<\/div>\n\t\t\t\t<\/div>\n\t\t\t\t\t<\/div>\n\t\t\t\t<\/div>\n\t\t<div class=\"elementor-element elementor-element-832a5a9 e-flex e-con-boxed e-con e-parent\" data-id=\"832a5a9\" data-element_type=\"container\">\n\t\t\t\t\t<div class=\"e-con-inner\">\n\t\t\t\t\t<\/div>\n\t\t\t\t<\/div>\n\t\t\t\t<\/div>\n\t\t","protected":false},"excerpt":{"rendered":"<p>Prestations C\u2019est ici que vos id\u00e9es prennent vie ! Mise en page Une mise en page soign\u00e9e est un symbole de professionnalisme. Elle facilite la lecture, structure l&#8217;information et enrichit l\u2019exp\u00e9rience visuelle. Que ce soit pour un roman, un magazine, un m\u00e9moire ou bien encore un rapport annuel, elle est cruciale pour engager le lecteur&hellip;&nbsp;<a href=\"https:\/\/www.lisa-margery-infographie.com\/index.php\/prestations\/\" class=\"\" rel=\"bookmark\">Lire la suite &raquo;<span class=\"screen-reader-text\">Prestations<\/span><\/a><\/p>\n","protected":false},"author":1,"featured_media":0,"parent":0,"menu_order":0,"comment_status":"closed","ping_status":"closed","template":"page-templates\/template-pagebuilder-full-width.php","meta":{"neve_meta_sidebar":"","neve_meta_container":"","neve_meta_enable_content_width":"off","neve_meta_content_width":100,"neve_meta_title_alignment":"","neve_meta_author_avatar":"","neve_post_elements_order":"","neve_meta_disable_header":"","neve_meta_disable_footer":"","neve_meta_disable_title":"","footnotes":""},"class_list":["post-63","page","type-page","status-publish","hentry"],"yoast_head":"<!-- This site is optimized with the Yoast SEO plugin v22.9 - https:\/\/yoast.com\/wordpress\/plugins\/seo\/ -->\n<title>Prestations - Lisa-Margery infographie<\/title>\n<meta name=\"robots\" content=\"index, follow, max-snippet:-1, max-image-preview:large, max-video-preview:-1\" \/>\n<link rel=\"canonical\" href=\"http:\/\/www.lisa-margery-infographie.com\/index.php\/prestations\/\" \/>\n<meta property=\"og:locale\" content=\"fr_FR\" \/>\n<meta property=\"og:type\" content=\"article\" \/>\n<meta property=\"og:title\" content=\"Prestations - Lisa-Margery infographie\" \/>\n<meta property=\"og:description\" content=\"Prestations C\u2019est ici que vos id\u00e9es prennent vie ! Mise en page Une mise en page soign\u00e9e est un symbole de professionnalisme. Elle facilite la lecture, structure l&#8217;information et enrichit l\u2019exp\u00e9rience visuelle. Que ce soit pour un roman, un magazine, un m\u00e9moire ou bien encore un rapport annuel, elle est cruciale pour engager le lecteur&hellip;&nbsp;Lire la suite &raquo;Prestations\" \/>\n<meta property=\"og:url\" content=\"http:\/\/www.lisa-margery-infographie.com\/index.php\/prestations\/\" \/>\n<meta property=\"og:site_name\" content=\"Lisa-Margery infographie\" \/>\n<meta property=\"article:modified_time\" content=\"2024-06-26T15:15:44+00:00\" \/>\n<meta property=\"og:image\" content=\"http:\/\/www.lisa-margery-infographie.com\/wp-content\/uploads\/elementor\/thumbs\/mep-qnmetjyv4ye0jz5qxd5qsnhaddr4y4tq5zcyqeq84g.png\" \/>\n<meta name=\"twitter:card\" content=\"summary_large_image\" \/>\n<meta name=\"twitter:label1\" content=\"Dur\u00e9e de lecture estim\u00e9e\" \/>\n\t<meta name=\"twitter:data1\" content=\"2 minutes\" \/>\n<script type=\"application\/ld+json\" class=\"yoast-schema-graph\">{\"@context\":\"https:\/\/schema.org\",\"@graph\":[{\"@type\":\"WebPage\",\"@id\":\"http:\/\/www.lisa-margery-infographie.com\/index.php\/prestations\/\",\"url\":\"http:\/\/www.lisa-margery-infographie.com\/index.php\/prestations\/\",\"name\":\"Prestations - Lisa-Margery infographie\",\"isPartOf\":{\"@id\":\"http:\/\/www.lisa-margery-infographie.com\/#website\"},\"primaryImageOfPage\":{\"@id\":\"http:\/\/www.lisa-margery-infographie.com\/index.php\/prestations\/#primaryimage\"},\"image\":{\"@id\":\"http:\/\/www.lisa-margery-infographie.com\/index.php\/prestations\/#primaryimage\"},\"thumbnailUrl\":\"http:\/\/www.lisa-margery-infographie.com\/wp-content\/uploads\/elementor\/thumbs\/mep-qnmetjyv4ye0jz5qxd5qsnhaddr4y4tq5zcyqeq84g.png\",\"datePublished\":\"2024-05-01T14:58:51+00:00\",\"dateModified\":\"2024-06-26T15:15:44+00:00\",\"breadcrumb\":{\"@id\":\"http:\/\/www.lisa-margery-infographie.com\/index.php\/prestations\/#breadcrumb\"},\"inLanguage\":\"fr-FR\",\"potentialAction\":[{\"@type\":\"ReadAction\",\"target\":[\"http:\/\/www.lisa-margery-infographie.com\/index.php\/prestations\/\"]}]},{\"@type\":\"ImageObject\",\"inLanguage\":\"fr-FR\",\"@id\":\"http:\/\/www.lisa-margery-infographie.com\/index.php\/prestations\/#primaryimage\",\"url\":\"http:\/\/www.lisa-margery-infographie.com\/wp-content\/uploads\/elementor\/thumbs\/mep-qnmetjyv4ye0jz5qxd5qsnhaddr4y4tq5zcyqeq84g.png\",\"contentUrl\":\"http:\/\/www.lisa-margery-infographie.com\/wp-content\/uploads\/elementor\/thumbs\/mep-qnmetjyv4ye0jz5qxd5qsnhaddr4y4tq5zcyqeq84g.png\"},{\"@type\":\"BreadcrumbList\",\"@id\":\"http:\/\/www.lisa-margery-infographie.com\/index.php\/prestations\/#breadcrumb\",\"itemListElement\":[{\"@type\":\"ListItem\",\"position\":1,\"name\":\"Accueil\",\"item\":\"http:\/\/www.lisa-margery-infographie.com\/\"},{\"@type\":\"ListItem\",\"position\":2,\"name\":\"Prestations\"}]},{\"@type\":\"WebSite\",\"@id\":\"http:\/\/www.lisa-margery-infographie.com\/#website\",\"url\":\"http:\/\/www.lisa-margery-infographie.com\/\",\"name\":\"Lisa-Margery Infographie\",\"description\":\"Infographiste maquettiste passionn\u00e9e par la mise en page et les livres\",\"publisher\":{\"@id\":\"http:\/\/www.lisa-margery-infographie.com\/#organization\"},\"potentialAction\":[{\"@type\":\"SearchAction\",\"target\":{\"@type\":\"EntryPoint\",\"urlTemplate\":\"http:\/\/www.lisa-margery-infographie.com\/?s={search_term_string}\"},\"query-input\":\"required name=search_term_string\"}],\"inLanguage\":\"fr-FR\"},{\"@type\":\"Organization\",\"@id\":\"http:\/\/www.lisa-margery-infographie.com\/#organization\",\"name\":\"Lisa-Margery Infographie\",\"url\":\"http:\/\/www.lisa-margery-infographie.com\/\",\"logo\":{\"@type\":\"ImageObject\",\"inLanguage\":\"fr-FR\",\"@id\":\"http:\/\/www.lisa-margery-infographie.com\/#\/schema\/logo\/image\/\",\"url\":\"http:\/\/www.lisa-margery-infographie.com\/wp-content\/uploads\/2024\/05\/logo-02.png\",\"contentUrl\":\"http:\/\/www.lisa-margery-infographie.com\/wp-content\/uploads\/2024\/05\/logo-02.png\",\"width\":1480,\"height\":1463,\"caption\":\"Lisa-Margery Infographie\"},\"image\":{\"@id\":\"http:\/\/www.lisa-margery-infographie.com\/#\/schema\/logo\/image\/\"},\"sameAs\":[\"https:\/\/www.instagram.com\/lm.infographie\/\",\"https:\/\/www.linkedin.com\/in\/lminfographiste\/\"]}]}<\/script>\n<!-- \/ Yoast SEO plugin. -->","yoast_head_json":{"title":"Prestations - Lisa-Margery infographie","robots":{"index":"index","follow":"follow","max-snippet":"max-snippet:-1","max-image-preview":"max-image-preview:large","max-video-preview":"max-video-preview:-1"},"canonical":"http:\/\/www.lisa-margery-infographie.com\/index.php\/prestations\/","og_locale":"fr_FR","og_type":"article","og_title":"Prestations - Lisa-Margery infographie","og_description":"Prestations C\u2019est ici que vos id\u00e9es prennent vie ! Mise en page Une mise en page soign\u00e9e est un symbole de professionnalisme. Elle facilite la lecture, structure l&#8217;information et enrichit l\u2019exp\u00e9rience visuelle. Que ce soit pour un roman, un magazine, un m\u00e9moire ou bien encore un rapport annuel, elle est cruciale pour engager le lecteur&hellip;&nbsp;Lire la suite &raquo;Prestations","og_url":"http:\/\/www.lisa-margery-infographie.com\/index.php\/prestations\/","og_site_name":"Lisa-Margery infographie","article_modified_time":"2024-06-26T15:15:44+00:00","og_image":[{"url":"http:\/\/www.lisa-margery-infographie.com\/wp-content\/uploads\/elementor\/thumbs\/mep-qnmetjyv4ye0jz5qxd5qsnhaddr4y4tq5zcyqeq84g.png"}],"twitter_card":"summary_large_image","twitter_misc":{"Dur\u00e9e de lecture estim\u00e9e":"2 minutes"},"schema":{"@context":"https:\/\/schema.org","@graph":[{"@type":"WebPage","@id":"http:\/\/www.lisa-margery-infographie.com\/index.php\/prestations\/","url":"http:\/\/www.lisa-margery-infographie.com\/index.php\/prestations\/","name":"Prestations - Lisa-Margery infographie","isPartOf":{"@id":"http:\/\/www.lisa-margery-infographie.com\/#website"},"primaryImageOfPage":{"@id":"http:\/\/www.lisa-margery-infographie.com\/index.php\/prestations\/#primaryimage"},"image":{"@id":"http:\/\/www.lisa-margery-infographie.com\/index.php\/prestations\/#primaryimage"},"thumbnailUrl":"http:\/\/www.lisa-margery-infographie.com\/wp-content\/uploads\/elementor\/thumbs\/mep-qnmetjyv4ye0jz5qxd5qsnhaddr4y4tq5zcyqeq84g.png","datePublished":"2024-05-01T14:58:51+00:00","dateModified":"2024-06-26T15:15:44+00:00","breadcrumb":{"@id":"http:\/\/www.lisa-margery-infographie.com\/index.php\/prestations\/#breadcrumb"},"inLanguage":"fr-FR","potentialAction":[{"@type":"ReadAction","target":["http:\/\/www.lisa-margery-infographie.com\/index.php\/prestations\/"]}]},{"@type":"ImageObject","inLanguage":"fr-FR","@id":"http:\/\/www.lisa-margery-infographie.com\/index.php\/prestations\/#primaryimage","url":"http:\/\/www.lisa-margery-infographie.com\/wp-content\/uploads\/elementor\/thumbs\/mep-qnmetjyv4ye0jz5qxd5qsnhaddr4y4tq5zcyqeq84g.png","contentUrl":"http:\/\/www.lisa-margery-infographie.com\/wp-content\/uploads\/elementor\/thumbs\/mep-qnmetjyv4ye0jz5qxd5qsnhaddr4y4tq5zcyqeq84g.png"},{"@type":"BreadcrumbList","@id":"http:\/\/www.lisa-margery-infographie.com\/index.php\/prestations\/#breadcrumb","itemListElement":[{"@type":"ListItem","position":1,"name":"Accueil","item":"http:\/\/www.lisa-margery-infographie.com\/"},{"@type":"ListItem","position":2,"name":"Prestations"}]},{"@type":"WebSite","@id":"http:\/\/www.lisa-margery-infographie.com\/#website","url":"http:\/\/www.lisa-margery-infographie.com\/","name":"Lisa-Margery Infographie","description":"Infographiste maquettiste passionn\u00e9e par la mise en page et les livres","publisher":{"@id":"http:\/\/www.lisa-margery-infographie.com\/#organization"},"potentialAction":[{"@type":"SearchAction","target":{"@type":"EntryPoint","urlTemplate":"http:\/\/www.lisa-margery-infographie.com\/?s={search_term_string}"},"query-input":"required name=search_term_string"}],"inLanguage":"fr-FR"},{"@type":"Organization","@id":"http:\/\/www.lisa-margery-infographie.com\/#organization","name":"Lisa-Margery Infographie","url":"http:\/\/www.lisa-margery-infographie.com\/","logo":{"@type":"ImageObject","inLanguage":"fr-FR","@id":"http:\/\/www.lisa-margery-infographie.com\/#\/schema\/logo\/image\/","url":"http:\/\/www.lisa-margery-infographie.com\/wp-content\/uploads\/2024\/05\/logo-02.png","contentUrl":"http:\/\/www.lisa-margery-infographie.com\/wp-content\/uploads\/2024\/05\/logo-02.png","width":1480,"height":1463,"caption":"Lisa-Margery Infographie"},"image":{"@id":"http:\/\/www.lisa-margery-infographie.com\/#\/schema\/logo\/image\/"},"sameAs":["https:\/\/www.instagram.com\/lm.infographie\/","https:\/\/www.linkedin.com\/in\/lminfographiste\/"]}]}},"jetpack_sharing_enabled":true,"_links":{"self":[{"href":"https:\/\/www.lisa-margery-infographie.com\/index.php\/wp-json\/wp\/v2\/pages\/63","targetHints":{"allow":["GET"]}}],"collection":[{"href":"https:\/\/www.lisa-margery-infographie.com\/index.php\/wp-json\/wp\/v2\/pages"}],"about":[{"href":"https:\/\/www.lisa-margery-infographie.com\/index.php\/wp-json\/wp\/v2\/types\/page"}],"author":[{"embeddable":true,"href":"https:\/\/www.lisa-margery-infographie.com\/index.php\/wp-json\/wp\/v2\/users\/1"}],"replies":[{"embeddable":true,"href":"https:\/\/www.lisa-margery-infographie.com\/index.php\/wp-json\/wp\/v2\/comments?post=63"}],"version-history":[{"count":112,"href":"https:\/\/www.lisa-margery-infographie.com\/index.php\/wp-json\/wp\/v2\/pages\/63\/revisions"}],"predecessor-version":[{"id":857,"href":"https:\/\/www.lisa-margery-infographie.com\/index.php\/wp-json\/wp\/v2\/pages\/63\/revisions\/857"}],"wp:attachment":[{"href":"https:\/\/www.lisa-margery-infographie.com\/index.php\/wp-json\/wp\/v2\/media?parent=63"}],"curies":[{"name":"wp","href":"https:\/\/api.w.org\/{rel}","templated":true}]}}