{"id":96,"date":"2024-05-01T11:34:51","date_gmt":"2024-05-01T15:34:51","guid":{"rendered":"http:\/\/www.lisa-margery-infographie.com\/?page_id=96"},"modified":"2024-05-08T10:48:24","modified_gmt":"2024-05-08T14:48:24","slug":"couvertures","status":"publish","type":"page","link":"https:\/\/www.lisa-margery-infographie.com\/index.php\/couvertures\/","title":{"rendered":"Couvertures"},"content":{"rendered":"\t\t<div data-elementor-type=\"wp-page\" data-elementor-id=\"96\" class=\"elementor elementor-96\">\n\t\t\t\t<div class=\"elementor-element elementor-element-9c15f9e e-flex e-con-boxed e-con e-parent\" data-id=\"9c15f9e\" data-element_type=\"container\">\n\t\t\t\t\t<div class=\"e-con-inner\">\n\t\t\t\t<div class=\"elementor-element elementor-element-0031860 elementor-widget elementor-widget-heading\" data-id=\"0031860\" data-element_type=\"widget\" data-widget_type=\"heading.default\">\n\t\t\t\t<div class=\"elementor-widget-container\">\n\t\t\t<style>\/*! elementor - v3.22.0 - 26-06-2024 *\/\n.elementor-heading-title{padding:0;margin:0;line-height:1}.elementor-widget-heading .elementor-heading-title[class*=elementor-size-]>a{color:inherit;font-size:inherit;line-height:inherit}.elementor-widget-heading .elementor-heading-title.elementor-size-small{font-size:15px}.elementor-widget-heading .elementor-heading-title.elementor-size-medium{font-size:19px}.elementor-widget-heading .elementor-heading-title.elementor-size-large{font-size:29px}.elementor-widget-heading .elementor-heading-title.elementor-size-xl{font-size:39px}.elementor-widget-heading .elementor-heading-title.elementor-size-xxl{font-size:59px}<\/style><h1 class=\"elementor-heading-title elementor-size-default\">Couvertures<\/h1>\t\t<\/div>\n\t\t\t\t<\/div>\n\t\t\t\t<div class=\"elementor-element elementor-element-0d0bc4a elementor-widget elementor-widget-image\" data-id=\"0d0bc4a\" data-element_type=\"widget\" data-widget_type=\"image.default\">\n\t\t\t\t<div class=\"elementor-widget-container\">\n\t\t\t<style>\/*! elementor - v3.22.0 - 26-06-2024 *\/\n.elementor-widget-image{text-align:center}.elementor-widget-image a{display:inline-block}.elementor-widget-image a img[src$=\".svg\"]{width:48px}.elementor-widget-image img{vertical-align:middle;display:inline-block}<\/style>\t\t\t\t\t\t\t\t\t\t<img fetchpriority=\"high\" decoding=\"async\" width=\"768\" height=\"558\" src=\"https:\/\/www.lisa-margery-infographie.com\/wp-content\/uploads\/2024\/05\/couvertures-768x558.png\" class=\"attachment-medium_large size-medium_large wp-image-547\" alt=\"\" srcset=\"https:\/\/www.lisa-margery-infographie.com\/wp-content\/uploads\/2024\/05\/couvertures-768x558.png 768w, https:\/\/www.lisa-margery-infographie.com\/wp-content\/uploads\/2024\/05\/couvertures-300x218.png 300w, https:\/\/www.lisa-margery-infographie.com\/wp-content\/uploads\/2024\/05\/couvertures-600x436.png 600w, https:\/\/www.lisa-margery-infographie.com\/wp-content\/uploads\/2024\/05\/couvertures.png 998w\" sizes=\"(max-width: 768px) 100vw, 768px\" \/>\t\t\t\t\t\t\t\t\t\t\t\t\t<\/div>\n\t\t\t\t<\/div>\n\t\t\t\t<div class=\"elementor-element elementor-element-ab5f271 elementor-widget elementor-widget-spacer\" data-id=\"ab5f271\" data-element_type=\"widget\" data-widget_type=\"spacer.default\">\n\t\t\t\t<div class=\"elementor-widget-container\">\n\t\t\t<style>\/*! elementor - v3.22.0 - 26-06-2024 *\/\n.elementor-column .elementor-spacer-inner{height:var(--spacer-size)}.e-con{--container-widget-width:100%}.e-con-inner>.elementor-widget-spacer,.e-con>.elementor-widget-spacer{width:var(--container-widget-width,var(--spacer-size));--align-self:var(--container-widget-align-self,initial);--flex-shrink:0}.e-con-inner>.elementor-widget-spacer>.elementor-widget-container,.e-con>.elementor-widget-spacer>.elementor-widget-container{height:100%;width:100%}.e-con-inner>.elementor-widget-spacer>.elementor-widget-container>.elementor-spacer,.e-con>.elementor-widget-spacer>.elementor-widget-container>.elementor-spacer{height:100%}.e-con-inner>.elementor-widget-spacer>.elementor-widget-container>.elementor-spacer>.elementor-spacer-inner,.e-con>.elementor-widget-spacer>.elementor-widget-container>.elementor-spacer>.elementor-spacer-inner{height:var(--container-widget-height,var(--spacer-size))}.e-con-inner>.elementor-widget-spacer.elementor-widget-empty,.e-con>.elementor-widget-spacer.elementor-widget-empty{position:relative;min-height:22px;min-width:22px}.e-con-inner>.elementor-widget-spacer.elementor-widget-empty .elementor-widget-empty-icon,.e-con>.elementor-widget-spacer.elementor-widget-empty .elementor-widget-empty-icon{position:absolute;top:0;bottom:0;left:0;right:0;margin:auto;padding:0;width:22px;height:22px}<\/style>\t\t<div class=\"elementor-spacer\">\n\t\t\t<div class=\"elementor-spacer-inner\"><\/div>\n\t\t<\/div>\n\t\t\t\t<\/div>\n\t\t\t\t<\/div>\n\t\t\t\t\t<\/div>\n\t\t\t\t<\/div>\n\t\t<div class=\"elementor-element elementor-element-c2cfa29 e-flex e-con-boxed e-con e-parent\" data-id=\"c2cfa29\" data-element_type=\"container\">\n\t\t\t\t\t<div class=\"e-con-inner\">\n\t\t<div class=\"elementor-element elementor-element-974cedd e-con-full e-flex e-con e-child\" data-id=\"974cedd\" data-element_type=\"container\">\n\t\t\t\t<div class=\"elementor-element elementor-element-a4ef4ca elementor-widget elementor-widget-image\" data-id=\"a4ef4ca\" data-element_type=\"widget\" data-widget_type=\"image.default\">\n\t\t\t\t<div class=\"elementor-widget-container\">\n\t\t\t\t\t\t\t\t\t\t\t\t\t<img decoding=\"async\" width=\"226\" height=\"451\" src=\"https:\/\/www.lisa-margery-infographie.com\/wp-content\/uploads\/2024\/05\/fleur.png\" class=\"attachment-large size-large wp-image-520\" alt=\"\" srcset=\"https:\/\/www.lisa-margery-infographie.com\/wp-content\/uploads\/2024\/05\/fleur.png 226w, https:\/\/www.lisa-margery-infographie.com\/wp-content\/uploads\/2024\/05\/fleur-150x300.png 150w\" sizes=\"(max-width: 226px) 100vw, 226px\" \/>\t\t\t\t\t\t\t\t\t\t\t\t\t<\/div>\n\t\t\t\t<\/div>\n\t\t\t\t<\/div>\n\t\t<div class=\"elementor-element elementor-element-4034ca2 e-con-full e-flex e-con e-child\" data-id=\"4034ca2\" data-element_type=\"container\">\n\t\t\t\t<div class=\"elementor-element elementor-element-47836e6 elementor-widget elementor-widget-text-editor\" data-id=\"47836e6\" data-element_type=\"widget\" data-widget_type=\"text-editor.default\">\n\t\t\t\t<div class=\"elementor-widget-container\">\n\t\t\t<style>\/*! elementor - v3.22.0 - 26-06-2024 *\/\n.elementor-widget-text-editor.elementor-drop-cap-view-stacked .elementor-drop-cap{background-color:#69727d;color:#fff}.elementor-widget-text-editor.elementor-drop-cap-view-framed .elementor-drop-cap{color:#69727d;border:3px solid;background-color:transparent}.elementor-widget-text-editor:not(.elementor-drop-cap-view-default) .elementor-drop-cap{margin-top:8px}.elementor-widget-text-editor:not(.elementor-drop-cap-view-default) .elementor-drop-cap-letter{width:1em;height:1em}.elementor-widget-text-editor .elementor-drop-cap{float:left;text-align:center;line-height:1;font-size:50px}.elementor-widget-text-editor .elementor-drop-cap-letter{display:inline-block}<\/style>\t\t\t\t<p><strong>La couverture d\u2019un roman joue un r\u00f4le essentiel dans l&#8217;attrait d&#8217;un livre pour les lecteurs. Voici pourquoi elle est si importante :<\/strong><\/p><ul><li><span style=\"color: #f29580;\"><em>Premi\u00e8re impression :<\/em><\/span> elle est la premi\u00e8re chose que les lecteurs voient lorsqu&#8217;ils d\u00e9couvrent un livre. Si elle est bien con\u00e7ue, elle attire imm\u00e9diatement l&#8217;attention et suscite la curiosit\u00e9. Elle incitera les lecteurs \u00e0 prendre le livre en main et \u00e0 lire le r\u00e9sum\u00e9.<\/li><\/ul><ul><li><span style=\"color: #f29580;\"><em>R\u00e9sum\u00e9 visuel :<\/em><\/span> elle doit refl\u00e9ter l&#8217;essence du livre. Elle peut contenir des \u00e9l\u00e9ments visuels qui \u00e9voquent le genre, l&#8217;ambiance ou l&#8217;intrigue du roman. Par exemple, une couverture myst\u00e9rieuse pour un thriller, des couleurs vives pour un livre jeunesse, ou des images historiques pour un roman historique.<\/li><\/ul><ul><li><span style=\"color: #f29580;\"><em>Identification du genre :<\/em><\/span> si elle est bien con\u00e7ue, elle indiquera clairement le genre du livre. Les lecteurs pourront ainsi savoir s&#8217;ils sont int\u00e9ress\u00e9s par le contenu. Par exemple, une couverture sombre avec des indices de myst\u00e8re conviendrait \u00e0 un roman policier, tandis qu&#8217;une couverture avec des c\u0153urs et des fleurs serait plus adapt\u00e9e \u00e0 une romance.<\/li><\/ul><ul><li><span style=\"color: #f29580;\"><em>M\u00e9morabilit\u00e9 :<\/em><\/span> une couverture distinctive reste dans l&#8217;esprit des lecteurs. Si elle est r\u00e9ussie, elle peut devenir embl\u00e9matique et \u00eatre associ\u00e9e au livre m\u00eame apr\u00e8s sa lecture.<\/li><\/ul><ul><li><span style=\"color: #f29580;\"><em>Marketing et ventes :<\/em><\/span> une couverture attrayante est un outil puissant pour la promotion du livre. Elle attire les lecteurs potentiels dans les librairies et en ligne. De plus, une belle couverture incite davantage \u00e0 l&#8217;achat. Les \u00e9diteurs et les auteurs investissent du temps et des ressources dans la conception de couvertures pour maximiser les ventes.<\/li><\/ul>\t\t\t\t\t\t<\/div>\n\t\t\t\t<\/div>\n\t\t\t\t<\/div>\n\t\t\t\t\t<\/div>\n\t\t\t\t<\/div>\n\t\t<div class=\"elementor-element elementor-element-eceb544 e-flex e-con-boxed e-con e-parent\" data-id=\"eceb544\" data-element_type=\"container\">\n\t\t\t\t\t<div class=\"e-con-inner\">\n\t\t\t\t<div class=\"elementor-element elementor-element-57b621a elementor-widget elementor-widget-text-editor\" data-id=\"57b621a\" data-element_type=\"widget\" data-widget_type=\"text-editor.default\">\n\t\t\t\t<div class=\"elementor-widget-container\">\n\t\t\t\t\t\t\t<p><span style=\"color: #f29580;\"><em>En somme, une couverture de roman est bien plus qu&#8217;un simple emballage. Elle est le visage du livre, un moyen de communiquer son essence et de captiver les lecteurs. Les auteurs et les \u00e9diteurs devraient accorder une attention particuli\u00e8re \u00e0 sa conception pour garantir le succ\u00e8s du livre.<\/em><\/span><\/p>\t\t\t\t\t\t<\/div>\n\t\t\t\t<\/div>\n\t\t\t\t\t<\/div>\n\t\t\t\t<\/div>\n\t\t<div class=\"elementor-element elementor-element-d26d86f e-flex e-con-boxed e-con e-parent\" data-id=\"d26d86f\" data-element_type=\"container\">\n\t\t\t\t\t<div class=\"e-con-inner\">\n\t\t\t\t<div class=\"elementor-element elementor-element-ab568ea elementor-widget elementor-widget-spacer\" data-id=\"ab568ea\" data-element_type=\"widget\" data-widget_type=\"spacer.default\">\n\t\t\t\t<div class=\"elementor-widget-container\">\n\t\t\t\t\t<div class=\"elementor-spacer\">\n\t\t\t<div class=\"elementor-spacer-inner\"><\/div>\n\t\t<\/div>\n\t\t\t\t<\/div>\n\t\t\t\t<\/div>\n\t\t\t\t\t<\/div>\n\t\t\t\t<\/div>\n\t\t<div class=\"elementor-element elementor-element-9396382 e-flex e-con-boxed e-con e-parent\" data-id=\"9396382\" data-element_type=\"container\">\n\t\t\t\t\t<div class=\"e-con-inner\">\n\t\t\t\t<div class=\"elementor-element elementor-element-d2bb628 elementor-widget elementor-widget-text-editor\" data-id=\"d2bb628\" data-element_type=\"widget\" data-widget_type=\"text-editor.default\">\n\t\t\t\t<div class=\"elementor-widget-container\">\n\t\t\t\t\t\t\t<p class=\"p1\">Les couvertures sont r\u00e9alis\u00e9es \u00e0 partir d\u2019images (photographies et\/ou \u00e9l\u00e9ments vectoriels) libres de droit uniquement, payantes (dans un nombre limit\u00e9) ou gratuites.<\/p>\n<p class=\"p1\">Les polices utilis\u00e9es pour le titre et le nom de l\u2019auteur sont des polices issues d\u2019Adobe Fonts et sont vectoris\u00e9es. <br>Si vous avez rep\u00e9r\u00e9 une police qui vous pla\u00eet, je v\u00e9rifierai si elle est libre d\u2019utilisation sinon, je devrai l\u2019acheter et elle sera rajout\u00e9e au devis.<\/p>\n<p class=\"p1\">Les couvertures  sont donc cr\u00e9\u00e9es sur mesure, suite \u00e0 nos \u00e9changes et \u00e0 vos r\u00e9ponses \u00e0 un questionnaire d\u00e9taill\u00e9 par rapport au roman.<\/p>\n&nbsp;\n<p class=\"p1\"><strong>Les tarifs sont \u00e0 partir de 350\u00a0$.<\/strong><\/p>\n<p class=\"p1\"><em><span style=\"color: #f29580;\">N\u2019h\u00e9sitez pas \u00e0 me contacter pour que nous parlions de votre projet\u2009!<\/span><\/em><\/p>\t\t\t\t\t\t<\/div>\n\t\t\t\t<\/div>\n\t\t\t\t<div class=\"elementor-element elementor-element-25eb9a4 elementor-widget elementor-widget-image\" data-id=\"25eb9a4\" data-element_type=\"widget\" data-widget_type=\"image.default\">\n\t\t\t\t<div class=\"elementor-widget-container\">\n\t\t\t\t\t\t\t\t\t\t\t\t\t<img decoding=\"async\" width=\"584\" height=\"516\" src=\"https:\/\/www.lisa-margery-infographie.com\/wp-content\/uploads\/2024\/05\/ordi_couv.png\" class=\"attachment-large size-large wp-image-540\" alt=\"\" srcset=\"https:\/\/www.lisa-margery-infographie.com\/wp-content\/uploads\/2024\/05\/ordi_couv.png 584w, https:\/\/www.lisa-margery-infographie.com\/wp-content\/uploads\/2024\/05\/ordi_couv-300x265.png 300w\" sizes=\"(max-width: 584px) 100vw, 584px\" \/>\t\t\t\t\t\t\t\t\t\t\t\t\t<\/div>\n\t\t\t\t<\/div>\n\t\t\t\t\t<\/div>\n\t\t\t\t<\/div>\n\t\t<div class=\"elementor-element elementor-element-3675b8b e-flex e-con-boxed e-con e-parent\" data-id=\"3675b8b\" data-element_type=\"container\">\n\t\t\t\t\t<div class=\"e-con-inner\">\n\t\t\t\t\t<\/div>\n\t\t\t\t<\/div>\n\t\t\t\t<\/div>\n\t\t","protected":false},"excerpt":{"rendered":"<p>Couvertures La couverture d\u2019un roman joue un r\u00f4le essentiel dans l&#8217;attrait d&#8217;un livre pour les lecteurs. Voici pourquoi elle est si importante : Premi\u00e8re impression : elle est la premi\u00e8re chose que les lecteurs voient lorsqu&#8217;ils d\u00e9couvrent un livre. Si elle est bien con\u00e7ue, elle attire imm\u00e9diatement l&#8217;attention et suscite la curiosit\u00e9. Elle incitera les&hellip;&nbsp;<a href=\"https:\/\/www.lisa-margery-infographie.com\/index.php\/couvertures\/\" class=\"\" rel=\"bookmark\">Lire la suite &raquo;<span class=\"screen-reader-text\">Couvertures<\/span><\/a><\/p>\n","protected":false},"author":1,"featured_media":0,"parent":0,"menu_order":0,"comment_status":"closed","ping_status":"closed","template":"page-templates\/template-pagebuilder-full-width.php","meta":{"neve_meta_sidebar":"","neve_meta_container":"","neve_meta_enable_content_width":"off","neve_meta_content_width":100,"neve_meta_title_alignment":"","neve_meta_author_avatar":"","neve_post_elements_order":"","neve_meta_disable_header":"","neve_meta_disable_footer":"","neve_meta_disable_title":"","footnotes":""},"class_list":["post-96","page","type-page","status-publish","hentry"],"yoast_head":"<!-- This site is optimized with the Yoast SEO plugin v22.9 - https:\/\/yoast.com\/wordpress\/plugins\/seo\/ -->\n<title>Couvertures - Lisa-Margery infographie<\/title>\n<meta name=\"robots\" content=\"index, follow, max-snippet:-1, max-image-preview:large, max-video-preview:-1\" \/>\n<link rel=\"canonical\" href=\"https:\/\/www.lisa-margery-infographie.com\/index.php\/couvertures\/\" \/>\n<meta property=\"og:locale\" content=\"fr_FR\" \/>\n<meta property=\"og:type\" content=\"article\" \/>\n<meta property=\"og:title\" content=\"Couvertures - Lisa-Margery infographie\" \/>\n<meta property=\"og:description\" content=\"Couvertures La couverture d\u2019un roman joue un r\u00f4le essentiel dans l&#8217;attrait d&#8217;un livre pour les lecteurs. Voici pourquoi elle est si importante : Premi\u00e8re impression : elle est la premi\u00e8re chose que les lecteurs voient lorsqu&#8217;ils d\u00e9couvrent un livre. Si elle est bien con\u00e7ue, elle attire imm\u00e9diatement l&#8217;attention et suscite la curiosit\u00e9. Elle incitera les&hellip;&nbsp;Lire la suite &raquo;Couvertures\" \/>\n<meta property=\"og:url\" content=\"https:\/\/www.lisa-margery-infographie.com\/index.php\/couvertures\/\" \/>\n<meta property=\"og:site_name\" content=\"Lisa-Margery infographie\" \/>\n<meta property=\"article:modified_time\" content=\"2024-05-08T14:48:24+00:00\" \/>\n<meta property=\"og:image\" content=\"http:\/\/www.lisa-margery-infographie.com\/wp-content\/uploads\/2024\/05\/couvertures-768x558.png\" \/>\n<meta name=\"twitter:card\" content=\"summary_large_image\" \/>\n<meta name=\"twitter:label1\" content=\"Dur\u00e9e de lecture estim\u00e9e\" \/>\n\t<meta name=\"twitter:data1\" content=\"3 minutes\" \/>\n<script type=\"application\/ld+json\" class=\"yoast-schema-graph\">{\"@context\":\"https:\/\/schema.org\",\"@graph\":[{\"@type\":\"WebPage\",\"@id\":\"https:\/\/www.lisa-margery-infographie.com\/index.php\/couvertures\/\",\"url\":\"https:\/\/www.lisa-margery-infographie.com\/index.php\/couvertures\/\",\"name\":\"Couvertures - Lisa-Margery infographie\",\"isPartOf\":{\"@id\":\"http:\/\/www.lisa-margery-infographie.com\/#website\"},\"primaryImageOfPage\":{\"@id\":\"https:\/\/www.lisa-margery-infographie.com\/index.php\/couvertures\/#primaryimage\"},\"image\":{\"@id\":\"https:\/\/www.lisa-margery-infographie.com\/index.php\/couvertures\/#primaryimage\"},\"thumbnailUrl\":\"http:\/\/www.lisa-margery-infographie.com\/wp-content\/uploads\/2024\/05\/couvertures-768x558.png\",\"datePublished\":\"2024-05-01T15:34:51+00:00\",\"dateModified\":\"2024-05-08T14:48:24+00:00\",\"breadcrumb\":{\"@id\":\"https:\/\/www.lisa-margery-infographie.com\/index.php\/couvertures\/#breadcrumb\"},\"inLanguage\":\"fr-FR\",\"potentialAction\":[{\"@type\":\"ReadAction\",\"target\":[\"https:\/\/www.lisa-margery-infographie.com\/index.php\/couvertures\/\"]}]},{\"@type\":\"ImageObject\",\"inLanguage\":\"fr-FR\",\"@id\":\"https:\/\/www.lisa-margery-infographie.com\/index.php\/couvertures\/#primaryimage\",\"url\":\"https:\/\/www.lisa-margery-infographie.com\/wp-content\/uploads\/2024\/05\/couvertures.png\",\"contentUrl\":\"https:\/\/www.lisa-margery-infographie.com\/wp-content\/uploads\/2024\/05\/couvertures.png\",\"width\":998,\"height\":725},{\"@type\":\"BreadcrumbList\",\"@id\":\"https:\/\/www.lisa-margery-infographie.com\/index.php\/couvertures\/#breadcrumb\",\"itemListElement\":[{\"@type\":\"ListItem\",\"position\":1,\"name\":\"Accueil\",\"item\":\"http:\/\/www.lisa-margery-infographie.com\/\"},{\"@type\":\"ListItem\",\"position\":2,\"name\":\"Couvertures\"}]},{\"@type\":\"WebSite\",\"@id\":\"http:\/\/www.lisa-margery-infographie.com\/#website\",\"url\":\"http:\/\/www.lisa-margery-infographie.com\/\",\"name\":\"Lisa-Margery Infographie\",\"description\":\"Infographiste maquettiste passionn\u00e9e par la mise en page et les livres\",\"publisher\":{\"@id\":\"http:\/\/www.lisa-margery-infographie.com\/#organization\"},\"potentialAction\":[{\"@type\":\"SearchAction\",\"target\":{\"@type\":\"EntryPoint\",\"urlTemplate\":\"http:\/\/www.lisa-margery-infographie.com\/?s={search_term_string}\"},\"query-input\":\"required name=search_term_string\"}],\"inLanguage\":\"fr-FR\"},{\"@type\":\"Organization\",\"@id\":\"http:\/\/www.lisa-margery-infographie.com\/#organization\",\"name\":\"Lisa-Margery Infographie\",\"url\":\"http:\/\/www.lisa-margery-infographie.com\/\",\"logo\":{\"@type\":\"ImageObject\",\"inLanguage\":\"fr-FR\",\"@id\":\"http:\/\/www.lisa-margery-infographie.com\/#\/schema\/logo\/image\/\",\"url\":\"http:\/\/www.lisa-margery-infographie.com\/wp-content\/uploads\/2024\/05\/logo-02.png\",\"contentUrl\":\"http:\/\/www.lisa-margery-infographie.com\/wp-content\/uploads\/2024\/05\/logo-02.png\",\"width\":1480,\"height\":1463,\"caption\":\"Lisa-Margery Infographie\"},\"image\":{\"@id\":\"http:\/\/www.lisa-margery-infographie.com\/#\/schema\/logo\/image\/\"},\"sameAs\":[\"https:\/\/www.instagram.com\/lm.infographie\/\",\"https:\/\/www.linkedin.com\/in\/lminfographiste\/\"]}]}<\/script>\n<!-- \/ Yoast SEO plugin. -->","yoast_head_json":{"title":"Couvertures - Lisa-Margery infographie","robots":{"index":"index","follow":"follow","max-snippet":"max-snippet:-1","max-image-preview":"max-image-preview:large","max-video-preview":"max-video-preview:-1"},"canonical":"https:\/\/www.lisa-margery-infographie.com\/index.php\/couvertures\/","og_locale":"fr_FR","og_type":"article","og_title":"Couvertures - Lisa-Margery infographie","og_description":"Couvertures La couverture d\u2019un roman joue un r\u00f4le essentiel dans l&#8217;attrait d&#8217;un livre pour les lecteurs. Voici pourquoi elle est si importante : Premi\u00e8re impression : elle est la premi\u00e8re chose que les lecteurs voient lorsqu&#8217;ils d\u00e9couvrent un livre. Si elle est bien con\u00e7ue, elle attire imm\u00e9diatement l&#8217;attention et suscite la curiosit\u00e9. Elle incitera les&hellip;&nbsp;Lire la suite &raquo;Couvertures","og_url":"https:\/\/www.lisa-margery-infographie.com\/index.php\/couvertures\/","og_site_name":"Lisa-Margery infographie","article_modified_time":"2024-05-08T14:48:24+00:00","og_image":[{"url":"http:\/\/www.lisa-margery-infographie.com\/wp-content\/uploads\/2024\/05\/couvertures-768x558.png"}],"twitter_card":"summary_large_image","twitter_misc":{"Dur\u00e9e de lecture estim\u00e9e":"3 minutes"},"schema":{"@context":"https:\/\/schema.org","@graph":[{"@type":"WebPage","@id":"https:\/\/www.lisa-margery-infographie.com\/index.php\/couvertures\/","url":"https:\/\/www.lisa-margery-infographie.com\/index.php\/couvertures\/","name":"Couvertures - Lisa-Margery infographie","isPartOf":{"@id":"http:\/\/www.lisa-margery-infographie.com\/#website"},"primaryImageOfPage":{"@id":"https:\/\/www.lisa-margery-infographie.com\/index.php\/couvertures\/#primaryimage"},"image":{"@id":"https:\/\/www.lisa-margery-infographie.com\/index.php\/couvertures\/#primaryimage"},"thumbnailUrl":"http:\/\/www.lisa-margery-infographie.com\/wp-content\/uploads\/2024\/05\/couvertures-768x558.png","datePublished":"2024-05-01T15:34:51+00:00","dateModified":"2024-05-08T14:48:24+00:00","breadcrumb":{"@id":"https:\/\/www.lisa-margery-infographie.com\/index.php\/couvertures\/#breadcrumb"},"inLanguage":"fr-FR","potentialAction":[{"@type":"ReadAction","target":["https:\/\/www.lisa-margery-infographie.com\/index.php\/couvertures\/"]}]},{"@type":"ImageObject","inLanguage":"fr-FR","@id":"https:\/\/www.lisa-margery-infographie.com\/index.php\/couvertures\/#primaryimage","url":"https:\/\/www.lisa-margery-infographie.com\/wp-content\/uploads\/2024\/05\/couvertures.png","contentUrl":"https:\/\/www.lisa-margery-infographie.com\/wp-content\/uploads\/2024\/05\/couvertures.png","width":998,"height":725},{"@type":"BreadcrumbList","@id":"https:\/\/www.lisa-margery-infographie.com\/index.php\/couvertures\/#breadcrumb","itemListElement":[{"@type":"ListItem","position":1,"name":"Accueil","item":"http:\/\/www.lisa-margery-infographie.com\/"},{"@type":"ListItem","position":2,"name":"Couvertures"}]},{"@type":"WebSite","@id":"http:\/\/www.lisa-margery-infographie.com\/#website","url":"http:\/\/www.lisa-margery-infographie.com\/","name":"Lisa-Margery Infographie","description":"Infographiste maquettiste passionn\u00e9e par la mise en page et les livres","publisher":{"@id":"http:\/\/www.lisa-margery-infographie.com\/#organization"},"potentialAction":[{"@type":"SearchAction","target":{"@type":"EntryPoint","urlTemplate":"http:\/\/www.lisa-margery-infographie.com\/?s={search_term_string}"},"query-input":"required name=search_term_string"}],"inLanguage":"fr-FR"},{"@type":"Organization","@id":"http:\/\/www.lisa-margery-infographie.com\/#organization","name":"Lisa-Margery Infographie","url":"http:\/\/www.lisa-margery-infographie.com\/","logo":{"@type":"ImageObject","inLanguage":"fr-FR","@id":"http:\/\/www.lisa-margery-infographie.com\/#\/schema\/logo\/image\/","url":"http:\/\/www.lisa-margery-infographie.com\/wp-content\/uploads\/2024\/05\/logo-02.png","contentUrl":"http:\/\/www.lisa-margery-infographie.com\/wp-content\/uploads\/2024\/05\/logo-02.png","width":1480,"height":1463,"caption":"Lisa-Margery Infographie"},"image":{"@id":"http:\/\/www.lisa-margery-infographie.com\/#\/schema\/logo\/image\/"},"sameAs":["https:\/\/www.instagram.com\/lm.infographie\/","https:\/\/www.linkedin.com\/in\/lminfographiste\/"]}]}},"jetpack_sharing_enabled":true,"_links":{"self":[{"href":"https:\/\/www.lisa-margery-infographie.com\/index.php\/wp-json\/wp\/v2\/pages\/96","targetHints":{"allow":["GET"]}}],"collection":[{"href":"https:\/\/www.lisa-margery-infographie.com\/index.php\/wp-json\/wp\/v2\/pages"}],"about":[{"href":"https:\/\/www.lisa-margery-infographie.com\/index.php\/wp-json\/wp\/v2\/types\/page"}],"author":[{"embeddable":true,"href":"https:\/\/www.lisa-margery-infographie.com\/index.php\/wp-json\/wp\/v2\/users\/1"}],"replies":[{"embeddable":true,"href":"https:\/\/www.lisa-margery-infographie.com\/index.php\/wp-json\/wp\/v2\/comments?post=96"}],"version-history":[{"count":41,"href":"https:\/\/www.lisa-margery-infographie.com\/index.php\/wp-json\/wp\/v2\/pages\/96\/revisions"}],"predecessor-version":[{"id":872,"href":"https:\/\/www.lisa-margery-infographie.com\/index.php\/wp-json\/wp\/v2\/pages\/96\/revisions\/872"}],"wp:attachment":[{"href":"https:\/\/www.lisa-margery-infographie.com\/index.php\/wp-json\/wp\/v2\/media?parent=96"}],"curies":[{"name":"wp","href":"https:\/\/api.w.org\/{rel}","templated":true}]}}